{"id":2526,"date":"2024-11-11T12:46:00","date_gmt":"2024-11-11T12:46:00","guid":{"rendered":"https:\/\/uipathfoundation.com\/child-safeguarding-policy\/"},"modified":"2025-05-19T11:30:29","modified_gmt":"2025-05-19T11:30:29","slug":"politica-protejarea-siguranta-copiilor","status":"publish","type":"page","link":"https:\/\/uipathfoundation.com\/ro\/politica-protejarea-siguranta-copiilor\/","title":{"rendered":"Politica privind protejarea \u0219i siguran\u021ba copilului"},"content":{"rendered":"\t<section class='sectionheading_block block_71ecc7f3c5e4d85517b98ee44cca6624' style='padding-top:60px;'>\r\n\t\t<div class='main_sectionheading'>\r\n\t\t\t<div class='inner_wrp'>\r\n\t\t\t\t\r\n\t\t\t\t \r\n\t\t\t\t\r\n\t\t\t\t<div class='section_heading simple'>\r\n\t\t\t\t\t<div class='s_heading'>\r\n\t\t\t\t\t\t<h2>Politica privind Protejarea \u0219i Siguran\u021ba Copilului!<\/h2>\r\n\t\t\t\t\t<\/div>\r\n\t\t\t\t\t\t\t\t\t<\/div>\r\n\t\t\t<\/div>\r\n\t\t<\/div>\r\n\t<\/section>\r\n\r\n\n\n<section class='sectiontwocols_block block_ae4d0c13af12643e5d02e57d0dbe149e'>\r\n\t\t<div class='main_sectiontwocols'>\r\n\t\t<div class='inner_wrp'>\r\n\t\t\t<div class='two_col_section type_33_66' style='background-color:#fff; padding:20px; '>\r\n\t\t\t\t\t\t\t\t\t\t\t\t<div class='section_col section_col_content sec_col_orange align_top' style='background-color:#FA4616; min-height:230px;  '>\r\n\t\t\t\t\t\t\t\t\t\t                                \t\r\n\t                                \t\t                                \t\r\n\t\t                                \t\t\t\t                                \t\t<div class='sec_content_top_img img'>\r\n\t\t\t                                \t\t\t<img loading=\"lazy\" decoding=\"async\" width=\"112\" height=\"60\" src=\"https:\/\/uipathfoundation.com\/wp-content\/uploads\/2025\/01\/testimonial_right_image_white-1.png\" class=\"attachment-full size-full\" alt=\"\" \/>\t\t\t                                \t\t<\/div>\r\n\t\t\t                                \t\t\t\t\t\t\t\t\t\t\t\t\t\t\t<div class='sec_content'>\r\n\t\t\t\t\t\t\t\t\t\t\t\t\t\t\t\t\t\t\t\t                                \t\t<div class='sec_content desc_cont'>\r\n\t\t\t\t\t\t                                \t\t\t<p>Bun\u0103! Bun venit pe pagina Politicii privind Protejarea \u0219i Siguran\u021ba Copilului!<\/p>\n\t\t\t\t\t\t                                \t\t<\/div>\r\n\t\t\t\t\t\t                                \t\t\t\t                                \t\t\t\t\r\n\t\t                                \t\t\t\t\t\t                    \t\t\t\t\t\t<\/div>\r\n\t\t                                \t\t\t\r\n\r\n\t                            \t\t\r\n\t                                \t\r\n\t                                                                <\/div>\r\n                                \t\t\t\t\t\t\r\n\t\t\t\t\t\t\t\r\n\t\t\t\t\t\t\t\r\n\t\t\t\t\t\t\t\t\t\t\t\t\t\t\t<div class='section_col section_col_content sec_col_gray align_center' style='background-color:#F9F5F5; min-height:230px;  '>\r\n\t\t\t\t\t\t\t\t\t\t                                \t\r\n\t                                \t\t                                \t\r\n\t\t                                \t\t\t\t\t\t\t\t\t\t\t\t\t\t<div class='sec_content'>\r\n\t\t\t\t\t\t\t\t\t\t\t\t\t\t\t\t\t\t\t\t                                \t\t<div class='sec_content desc_cont'>\r\n\t\t\t\t\t\t                                \t\t\t<p>Politica pentru Protejarea \u0219i Siguran\u021ba Copiilor cuprinde un set de reguli \u0219i sfaturi pe care le aplic\u0103m pentru a crea un spa\u021biu sigur pentru copiii pe care \u00eei avem al\u0103turi \u00een programele noastre.<\/p>\n<ul>\n<li>Dac\u0103 e\u0219ti copil, ghidul este precum o busol\u0103, acesta te ajut\u0103 s\u0103 ai o c\u0103l\u0103torie sigur\u0103 prin lume.<\/li>\n<li>Dac\u0103 e\u0219ti adult, acest ghid te \u00eenva\u021b\u0103 s\u0103 \u00eei faci pe copii s\u0103 se simt\u0103 \u00een siguran\u021b\u0103 \u00een programele noastre educa\u021bionale, at\u00e2t online, c\u00e2t \u0219i offline.<\/li>\n<\/ul>\n\t\t\t\t\t\t                                \t\t<\/div>\r\n\t\t\t\t\t\t                                \t\t\t\t                                \t\t\t\t\r\n\t\t                                \t\t\t\t\t\t                    \t\t\t\t\t\t<\/div>\r\n\t\t                                \t\t\t\r\n\r\n\t                            \t\t\r\n\t                                \t\r\n\t                                                                <\/div>\r\n                                \t\t\t\t\t\t\r\n\t\t\t\t\t\t\t\r\n\t\t\t\t\t\t\t\r\n\t\t\t\t\t\t\t\t\t\t<\/div>\r\n\t\t\t\r\n\t\t<\/div>\r\n\t<\/div>\r\n<\/section>\r\n\r\n\r\n\n\n<section class='sectionchildsafeguardingform_block block_2bf1cbbd4c2bb6779c972f0090473e30' id='block_2bf1cbbd4c2bb6779c972f0090473e30'>\r\n\t\t<div class='sectionchildsafeguardingform'>\r\n\t\t<div class='inner_wrp'>\r\n\t\t\t<div class='child_safeguarding_wrp'>\r\n\t\t\t\t<div class='child_safeguarding_bg_left'><\/div>\r\n\t\t\t\t<div class='child_safeguarding_middile'>\r\n\t\t\t\t\t\r\n\t\t\t\t\t<div class='child_form_top'>\r\n\t\t\t\t\t\t\t\t\t\t\t\t\t<div class='child_form_top_mob'>\r\n\t\t\t\t\t\t\t\t<p>V\u0103 rug\u0103m selecta\u021bi una dintre op\u021biunile de mai jos<\/p>\r\n\t\t\t\t\t\t\t<\/div>\r\n\t\t\t\t\t\t\t\t\t\t\t\t<span class='heading'>Sunt<\/span>\r\n\t\t\t\t\t\t<div class='tab_labels'>\r\n\t\t\t\t\t\t\t<a href=\"#\" class='no_click active' data-id='child'>Copil<\/a>\r\n\t\t\t\t\t\t\t<a href=\"#\" class='no_click' data-id='adult'>Adult<\/a>\r\n\t\t\t\t\t\t<\/div>\r\n\t\t\t\t\t<\/div>\r\n\t\t\t\t\t<div class='child_form_tabs'>\r\n\t\t\t\t\t\t<div class='child_form_tab active' data-id='child'>\r\n\t\t\t\t\t\t\t\t\t\t\t\t\t\t<div class='child_form_intro'>\r\n\t\t\t\t\t\t\t\t<div class='content'>\r\n\t\t\t\t\t\t\t\t\t\t\t\t\t\t\t\t\t\t\t<span class='head'>Dragi copii,<\/span>\r\n\t\t\t\t\t\t\t\t\t\t\t\t\t\t\t\t\t\t<p>\u00cempreun\u0103 vom descoperi c\u00e2teva sfaturi despre cum s\u0103 p\u0103\u0219i\u021bi \u00een siguran\u021b\u0103 \u00een lumea digital\u0103, dar \u0219i \u00een interac\u021biunile fa\u021b\u0103 \u00een fa\u021b\u0103, \u00een timpul programelor educa\u021bionale, \u00een prezen\u021ba adul\u021bilor.<\/p>\n<p>VOI sunte\u021bi alc\u0103tui\u021bi din diferite p\u0103r\u021bi, iar fiecare parte este construit\u0103 din interac\u021biunile pe care le ave\u021bi cu to\u021bi oamenii din jurul vostru. Toate aceste p\u0103r\u021bi compun identitatea voastr\u0103.<\/p>\n<p>\u0218i acum, poate v\u0103 \u00eentreba\u021bi cum pute\u021bi avea grij\u0103 de ceva ce nu pute\u021bi vedea?<\/p>\n\t\t\t\t\t\t\t\t<\/div>\r\n\t\t\t\t\t\t\t<\/div>\r\n\t\t\t\t\t\t\t<div class='child_form_steps'>\r\n\t\t\t\t\t\t\t\t<div class='child_form_steps_heading'>\r\n\t\t\t\t\t\t\t\t\t<h3>Urm\u0103torul pas<\/h3>\r\n\t\t\t\t\t\t\t\t<\/div>\r\n\t\t\t\t\t\t\t\t<div class='child_form_steps_boxes'>\r\n\t\t\t\t\t\t\t\t\t<div class='child_form_steps_box child_form_steps_box_child'>\r\n\t\t\t\t\t\t\t\t\t\t<div class='child_form_steps_box_top'>\r\n\t\t\t\t\t\t\t\t\t\t\t<div class='box_download_link hero_box_download_link '>\r\n\t\t\t\t\t\t\t\t\t\t\t\t<a href=\"https:\/\/uipathfoundation.com\/wp-content\/uploads\/2025\/05\/UiPath-Foundation_Brosura-Copii_Romana-1.pdf\" target=\"_blank\" title=\"Download PDF\" >\r\n\t\t\t\t\t\t\t\t\t\t\t\t\t<span class='href_text'>Download PDF<\/span>\r\n\t\t\t\t\t\t\t\t\t\t\t\t\t<span class='download_ico icon-arrow_left'><\/span>\r\n\t\t\t\t\t\t\t\t\t\t\t\t<\/a>\r\n\t\t\t\t\t\t\t\t\t\t\t<\/div>\r\n\t\t\t\t\t\t\t\t\t\t<\/div>\r\n\t\t\t\t\t\t\t\t\t\t<div class='child_form_steps_box_image'>\r\n\t\t\t\t\t\t\t\t\t\t\t<!-- <img src='\/assets\/images\/child_safeguarding_image_glasses_logo.png' \/> -->\r\n\t\t\t\t\t\t\t\t\t\t\t<img src='https:\/\/uipathfoundation.com\/wp-content\/uploads\/2025\/05\/Button_Download-policy.png' \/>\r\n\t\t\t\t\t\t\t\t\t\t<\/div>\r\n\t\t\t\t\t\t\t\t\t\t<div class='child_form_steps_box_content'>\r\n\t\t\t\t\t\t\t\t\t\t\t<span>Politica privind siguran\u021ba copilului<\/span>\r\n\t\t\t\t\t\t\t\t\t\t<\/div>\r\n\t\t\t\t\t\t\t\t\t<\/div>\r\n\t\t\t\t\t\t\t\t\t<div class='child_form_steps_box child_form_steps_box_parent'>\r\n\t\t\t\t\t\t\t\t\t\t<div class='child_form_steps_box_top'>\r\n\t\t\t\t\t\t\t\t\t\t\t<div class='box_download_link hero_box_download_link '>\r\n\t\t\t\t\t\t\t\t\t\t\t\t<a href=\"https:\/\/uipathfoundation.com\/ro\/politica-protejarea-siguranta-copiilor\/mecanism-raportare-copil\/\" target=\"_blank\" title=\"Completeaz\u0103 formularul\" >\r\n\t\t\t\t\t\t\t\t\t\t\t\t\t<span class='href_text'>Completeaz\u0103 formularul<\/span>\r\n\t\t\t\t\t\t\t\t\t\t\t\t\t<span class='download_ico icon-arrow_left'><\/span>\r\n\t\t\t\t\t\t\t\t\t\t\t\t<\/a>\r\n\t\t\t\t\t\t\t\t\t\t\t<\/div>\r\n\t\t\t\t\t\t\t\t\t\t\t\r\n\t\t\t\t\t\t\t\t\t\t<\/div>\r\n\t\t\t\t\t\t\t\t\t\t<div class='child_form_steps_box_image'>\r\n\t\t\t\t\t\t\t\t\t\t\t<!-- <img src='\/assets\/images\/child_safeguarding_image_glasses.png' \/> -->\r\n\t\t\t\t\t\t\t\t\t\t\t<img src='https:\/\/uipathfoundation.com\/wp-content\/uploads\/2025\/05\/Button_Report-incident.png' \/>\r\n\t\t\t\t\t\t\t\t\t\t<\/div>\r\n\t\t\t\t\t\t\t\t\t\t<div class='child_form_steps_box_content'>\r\n\t\t\t\t\t\t\t\t\t\t\t<span>Vrei s\u0103 raportezi un incident?<\/span>\r\n\t\t\t\t\t\t\t\t\t\t<\/div>\r\n\t\t\t\t\t\t\t\t\t<\/div>\r\n\t\t\t\t\t\t\t\t<\/div>\r\n\t\t\t\t\t\t\t<\/div>\r\n\t\t\t\t\t\t\t\t\t\t\t\t\t\t\t<div class='child_form_middle'>\r\n\t\t\t\t\t\t\t\t\t<div class='content'>\r\n\t\t\t\t\t\t\t\t\t\t<div class=\"container-linie-speciala\">Acesta este motivul pentru care am lansat aceast\u0103 pagin\u0103: s\u0103 te ajut\u0103m s\u0103 \u00een\u021belegi cum s\u0103 ai grij\u0103 de tine oriunde ai fi \u0219i cu oricine ai interac\u021biona. \u0218tim c\u0103 participi at\u00e2t la activit\u0103\u021bi online, c\u00e2t \u0219i fa\u021b\u0103 \u00een fa\u021b\u0103 \u0219i, a\u0219a c\u0103 am creat un set de reguli care trebuie respectate indiferent de situa\u021bie, de c\u0103tre tine \u0219i de c\u0103tre to\u021bi adul\u021bii cu care interac\u021bionezi.<\/div>\n<div><\/div>\n<div class=\"container-linie-speciala\">Vei descoperi aici dou\u0103 seturi de piese de puzzle care func\u021bioneaz\u0103 doar \u00eempreun\u0103. Atunci c\u00e2nd acestea sunt amestecate \u0219i conectate, siguran\u021ba ta este asigurat\u0103!<\/div>\n\t\t\t\t\t\t\t\t\t<\/div>\r\n\t\t\t\t\t\t\t\t<\/div>\r\n\t\t\t\t\t\t\t\t\t\t\t\t\t\t\t\t\t\t\t\t\t\t<div class='child_form_video'>\r\n\t\t\t\t\t\t\t\t\t<iframe loading=\"lazy\" title=\"Child Safeguarding Policy | Romanian\" width=\"640\" height=\"360\" src=\"https:\/\/www.youtube.com\/embed\/BEkhbq_CXco?feature=oembed\" frameborder=\"0\" allow=\"accelerometer; autoplay; clipboard-write; encrypted-media; gyroscope; picture-in-picture; web-share\" referrerpolicy=\"strict-origin-when-cross-origin\" allowfullscreen><\/iframe>\t\t\t\t\t\t\t\t<\/div>\r\n\t\t\t\t\t\t\t\t\t\t\t\t\t<\/div>\r\n\t\t\t\t\t\t<div class='child_form_tab' data-id='adult'>\r\n\t\t\t\t\t\t\t\t\t\t\t\t\t\t<div class='child_form_intro'>\r\n\t\t\t\t\t\t\t\t<div class='content'>\r\n\t\t\t\t\t\t\t\t\t\t\t\t\t\t\t\t\t\t\t<span class='head'>Dragi adul\u021bi,<\/span>\r\n\t\t\t\t\t\t\t\t\t\t\t\t\t\t\t\t\t\t<p>Noi, UiPath Foundation, nu toler\u0103m nicio form\u0103 de abuz emo\u021bional sau fizic \u00eempotriva copiilor.<\/p>\n<p>Politica privind Protejarea \u0219i Siguran\u021ba Copilului reprezint\u0103 angajamentul nostru \u00een scris c\u0103 vom crea programe educa\u021bionale sigure pentru copii. Este responsabilitatea noastr\u0103 s\u0103 ne asigur\u0103m c\u0103 personalul, activit\u0103\u021bile \u0219i programele noastre nu fac r\u0103u copiilor implica\u021bi.<\/p>\n<p>Politica noastr\u0103 este construit\u0103 pe direc\u021bii clare prin care ne asigur\u0103m c\u0103 to\u021bi copiii sunt trata\u021bi \u00een mod corect \u0219i c\u0103 niciun r\u0103u nu ar putea fi cauzat vreodat\u0103 prin orice activitate, \u00een oricare dintre programele noastre educa\u021bionale, online sau offline.<\/p>\n\t\t\t\t\t\t\t\t<\/div>\r\n\t\t\t\t\t\t\t<\/div>\r\n\t\t\t\t\t\t\t<div class='child_form_steps'>\r\n\t\t\t\t\t\t\t\t<div class='child_form_steps_heading'>\r\n\t\t\t\t\t\t\t\t\t<h3>Urm\u0103torul pas<\/h3>\r\n\t\t\t\t\t\t\t\t<\/div>\r\n\t\t\t\t\t\t\t\t<div class='child_form_steps_boxes'>\r\n\t\t\t\t\t\t\t\t\t<div class='child_form_steps_box child_form_steps_box_child'>\r\n\t\t\t\t\t\t\t\t\t\t<div class='child_form_steps_box_top '>\r\n\t\t\t\t\t\t\t\t\t\t\t<div class='box_download_link hero_box_download_link '>\r\n\t\t\t\t\t\t\t\t\t\t\t\t<a href=\"https:\/\/uipathfoundation.com\/wp-content\/uploads\/2025\/05\/UiPath-Foundation_Brosura-Adulti_Romana.pdf\" target=\"_blank\" title=\"Download PDF\" >\r\n\t\t\t\t\t\t\t\t\t\t\t\t\t<span class='href_text'>Download PDF<\/span>\r\n\t\t\t\t\t\t\t\t\t\t\t\t\t<span class='download_ico icon-arrow_left'><\/span>\r\n\t\t\t\t\t\t\t\t\t\t\t\t<\/a>\r\n\t\t\t\t\t\t\t\t\t\t\t<\/div> \r\n\t\t\t\t\t\t\t\t\t\t<\/div>\r\n\t\t\t\t\t\t\t\t\t\t<div class='child_form_steps_box_image'>\r\n\t\t\t\t\t\t\t\t\t\t\t<!-- <img src='\/assets\/images\/child_safeguarding_image_glasses_logo.png' \/> -->\r\n\t\t\t\t\t\t\t\t\t\t\t<img src='https:\/\/uipathfoundation.com\/wp-content\/uploads\/2025\/05\/Button_Download-policy.png' \/>\r\n\t\t\t\t\t\t\t\t\t\t<\/div>\r\n\t\t\t\t\t\t\t\t\t\t<div class='child_form_steps_box_content'>\r\n\t\t\t\t\t\t\t\t\t\t\t<span>Politica privind siguran\u021ba copilului<\/span>\r\n\t\t\t\t\t\t\t\t\t\t<\/div>\r\n\t\t\t\t\t\t\t\t\t<\/div>\r\n\t\t\t\t\t\t\t\t\t<div class='child_form_steps_box child_form_steps_box_parent'>\r\n\t\t\t\t\t\t\t\t\t\t<div class='child_form_steps_box_top'>\r\n\t\t\t\t\t\t\t\t\t\t\t<div class='box_download_link hero_box_download_link '>\r\n\t\t\t\t\t\t\t\t\t\t\t\t<a href=\"https:\/\/uipathfoundation.com\/ro\/politica-protejarea-siguranta-copiilor\/mecanism-raportare-adult\/\" target=\"_blank\" title=\"Completeaz\u0103 formularul\" >\r\n\t\t\t\t\t\t\t\t\t\t\t\t\t<span class='href_text'>Completeaz\u0103 formularul<\/span>\r\n\t\t\t\t\t\t\t\t\t\t\t\t\t<span class='download_ico icon-arrow_left'><\/span>\r\n\t\t\t\t\t\t\t\t\t\t\t\t<\/a>\r\n\t\t\t\t\t\t\t\t\t\t\t<\/div> \r\n\t\t\t\t\t\t\t\t\t\t\t\r\n\t\t\t\t\t\t\t\t\t\t<\/div>\r\n\t\t\t\t\t\t\t\t\t\t<div class='child_form_steps_box_image'>\r\n\t\t\t\t\t\t\t\t\t\t\t<!-- <img src='\/assets\/images\/child_safeguarding_image_glasses.png' \/> -->\r\n\t\t\t\t\t\t\t\t\t\t\t<img src='https:\/\/uipathfoundation.com\/wp-content\/uploads\/2025\/05\/Button_Report-incident.png' \/>\r\n\t\t\t\t\t\t\t\t\t\t<\/div>\r\n\t\t\t\t\t\t\t\t\t\t<div class='child_form_steps_box_content'>\r\n\t\t\t\t\t\t\t\t\t\t\t<span>Vrei s\u0103 raportezi un incident?<\/span>\r\n\t\t\t\t\t\t\t\t\t\t<\/div>\r\n\t\t\t\t\t\t\t\t\t<\/div>\r\n\t\t\t\t\t\t\t\t<\/div>\r\n\t\t\t\t\t\t\t<\/div>\r\n\t\t\t\t\t\t\t\t\t\t\t\t\t\t\t<div class='child_form_middle'>\r\n\t\t\t\t\t\t\t\t\t<div class='content'>\r\n\t\t\t\t\t\t\t\t\t\t<p>Noi credem c\u0103:<\/p>\n<ul>\n<li>to\u021bi copiii trebuie s\u0103 fie trata\u021bi cu respect, f\u0103r\u0103 discriminare;<\/li>\n<li>to\u021bi copiii au dreptul egal de a fi proteja\u021bi \u00eempotriva oric\u0103rui r\u0103u;<\/li>\n<li>toat\u0103 lumea are responsabilitatea de a asigura protec\u021bia copiilor;<\/li>\n<li>organiza\u021biile au responsabilitatea de a proteja copiii pe care \u00eei au al\u0103turi \u00een programe;<\/li>\n<li>ac\u021biunile noastre privind protec\u021bia copiilor pun pe primul loc interesul copiilor.<\/li>\n<\/ul>\n<p>Mul\u021bumim!<\/p>\n\t\t\t\t\t\t\t\t\t<\/div>\r\n\t\t\t\t\t\t\t\t<\/div>\r\n\t\t\t\t\t\t\t\t\t\t\t\t\t\t\t\t\t\t\t\t\t\t<div class='child_form_video'>\r\n\t\t\t\t\t\t\t\t\t<iframe loading=\"lazy\" title=\"Child Safeguarding Policy | Romanian\" width=\"640\" height=\"360\" src=\"https:\/\/www.youtube.com\/embed\/BEkhbq_CXco?feature=oembed\" frameborder=\"0\" allow=\"accelerometer; autoplay; clipboard-write; encrypted-media; gyroscope; picture-in-picture; web-share\" referrerpolicy=\"strict-origin-when-cross-origin\" allowfullscreen><\/iframe>\t\t\t\t\t\t\t\t<\/div>\r\n\t\t\t\t\t\t\t\t\t\t\t\t\t<\/div>\r\n\t\t\t\t\t<\/div>\r\n\t\t\t\t<\/div>\r\n\t\t\t\t<div class='child_safeguarding_bg_right'><\/div>\r\n\t\t\t<\/div>\r\n\r\n\t\t<\/div>\r\n\t<\/div>\r\n<\/section>\r\n\r\n\r\n","protected":false},"excerpt":{"rendered":"","protected":false},"author":1,"featured_media":0,"parent":0,"menu_order":0,"comment_status":"closed","ping_status":"closed","template":"","meta":{"_acf_changed":false,"footnotes":""},"class_list":["post-2526","page","type-page","status-publish","hentry"],"acf":[],"yoast_head":"<!-- This site is optimized with the Yoast SEO Premium plugin v25.9 (Yoast SEO v25.9) - https:\/\/yoast.com\/wordpress\/plugins\/seo\/ -->\n<title>Politica privind protejarea \u0219i siguran\u021ba copilului | UiPath Foundation<\/title>\n<meta name=\"description\" content=\"Politica protejeaz\u0103 copiii cu care interac\u021bion\u0103m \u00een cadrul programelor noastre educa\u021bionale, at\u00e2t online, c\u00e2t \u0219i offline.\" \/>\n<meta name=\"robots\" content=\"index, follow, max-snippet:-1, max-image-preview:large, max-video-preview:-1\" \/>\n<link rel=\"canonical\" href=\"https:\/\/uipathfoundation.com\/ro\/politica-protejarea-siguranta-copiilor\/\" \/>\n<meta property=\"og:locale\" content=\"ro_RO\" \/>\n<meta property=\"og:type\" content=\"article\" \/>\n<meta property=\"og:title\" content=\"Politica privind protejarea \u0219i siguran\u021ba copilului | UiPath Foundation\" \/>\n<meta property=\"og:description\" content=\"Politica protejeaz\u0103 copiii cu care interac\u021bion\u0103m \u00een cadrul programelor noastre educa\u021bionale, at\u00e2t online, c\u00e2t \u0219i offline.\" \/>\n<meta property=\"og:url\" content=\"https:\/\/uipathfoundation.com\/ro\/politica-protejarea-siguranta-copiilor\/\" \/>\n<meta property=\"og:site_name\" content=\"UiPath Foundation\" \/>\n<meta property=\"article:publisher\" content=\"https:\/\/www.facebook.com\/UiPathFoundation\" \/>\n<meta property=\"article:modified_time\" content=\"2025-05-19T11:30:29+00:00\" \/>\n<meta property=\"og:image\" content=\"https:\/\/uipathfoundation.com\/wp-content\/uploads\/2025\/05\/1_link-preview-homepage.png\" \/>\n\t<meta property=\"og:image:width\" content=\"525\" \/>\n\t<meta property=\"og:image:height\" content=\"275\" \/>\n\t<meta property=\"og:image:type\" content=\"image\/png\" \/>\n<meta name=\"twitter:card\" content=\"summary_large_image\" \/>\n<meta name=\"twitter:title\" content=\"Politica privind protejarea \u0219i siguran\u021ba copilului\" \/>\n<script type=\"application\/ld+json\" class=\"yoast-schema-graph\">{\"@context\":\"https:\/\/schema.org\",\"@graph\":[{\"@type\":\"WebPage\",\"@id\":\"https:\/\/uipathfoundation.com\/ro\/politica-protejarea-siguranta-copiilor\/\",\"url\":\"https:\/\/uipathfoundation.com\/ro\/politica-protejarea-siguranta-copiilor\/\",\"name\":\"Politica privind protejarea \u0219i siguran\u021ba copilului | UiPath Foundation\",\"isPartOf\":{\"@id\":\"https:\/\/uipathfoundation.com\/ro\/#website\"},\"datePublished\":\"2024-11-11T12:46:00+00:00\",\"dateModified\":\"2025-05-19T11:30:29+00:00\",\"description\":\"Politica protejeaz\u0103 copiii cu care interac\u021bion\u0103m \u00een cadrul programelor noastre educa\u021bionale, at\u00e2t online, c\u00e2t \u0219i offline.\",\"breadcrumb\":{\"@id\":\"https:\/\/uipathfoundation.com\/ro\/politica-protejarea-siguranta-copiilor\/#breadcrumb\"},\"inLanguage\":\"ro-RO\",\"potentialAction\":[{\"@type\":\"ReadAction\",\"target\":[\"https:\/\/uipathfoundation.com\/ro\/politica-protejarea-siguranta-copiilor\/\"]}]},{\"@type\":\"BreadcrumbList\",\"@id\":\"https:\/\/uipathfoundation.com\/ro\/politica-protejarea-siguranta-copiilor\/#breadcrumb\",\"itemListElement\":[{\"@type\":\"ListItem\",\"position\":1,\"name\":\"Home\",\"item\":\"https:\/\/uipathfoundation.com\/ro\/home\/\"},{\"@type\":\"ListItem\",\"position\":2,\"name\":\"Politica privind protejarea \u0219i siguran\u021ba copilului\"}]},{\"@type\":\"WebSite\",\"@id\":\"https:\/\/uipathfoundation.com\/ro\/#website\",\"url\":\"https:\/\/uipathfoundation.com\/ro\/\",\"name\":\"UiPath Foundation\",\"description\":\"\",\"publisher\":{\"@id\":\"https:\/\/uipathfoundation.com\/ro\/#organization\"},\"potentialAction\":[{\"@type\":\"SearchAction\",\"target\":{\"@type\":\"EntryPoint\",\"urlTemplate\":\"https:\/\/uipathfoundation.com\/ro\/?s={search_term_string}\"},\"query-input\":{\"@type\":\"PropertyValueSpecification\",\"valueRequired\":true,\"valueName\":\"search_term_string\"}}],\"inLanguage\":\"ro-RO\"},{\"@type\":\"Organization\",\"@id\":\"https:\/\/uipathfoundation.com\/ro\/#organization\",\"name\":\"UiPath Foundation\",\"url\":\"https:\/\/uipathfoundation.com\/ro\/\",\"logo\":{\"@type\":\"ImageObject\",\"inLanguage\":\"ro-RO\",\"@id\":\"https:\/\/uipathfoundation.com\/ro\/#\/schema\/logo\/image\/\",\"url\":\"https:\/\/uipathfoundation.com\/wp-content\/uploads\/2025\/05\/Foundation_logo_RGB-scaled.png\",\"contentUrl\":\"https:\/\/uipathfoundation.com\/wp-content\/uploads\/2025\/05\/Foundation_logo_RGB-scaled.png\",\"width\":2048,\"height\":843,\"caption\":\"UiPath Foundation\"},\"image\":{\"@id\":\"https:\/\/uipathfoundation.com\/ro\/#\/schema\/logo\/image\/\"},\"sameAs\":[\"https:\/\/www.facebook.com\/UiPathFoundation\",\"https:\/\/www.instagram.com\/uipathfoundation\/\",\"https:\/\/www.linkedin.com\/company\/28918457\/admin\/feed\/posts\/\"],\"publishingPrinciples\":\"https:\/\/uipathfoundation.com\/ro\/cine-suntem\/cum-lucram\/valori\/\"}]}<\/script>\n<!-- \/ Yoast SEO Premium plugin. -->","yoast_head_json":{"title":"Politica privind protejarea \u0219i siguran\u021ba copilului | UiPath Foundation","description":"Politica protejeaz\u0103 copiii cu care interac\u021bion\u0103m \u00een cadrul programelor noastre educa\u021bionale, at\u00e2t online, c\u00e2t \u0219i offline.","robots":{"index":"index","follow":"follow","max-snippet":"max-snippet:-1","max-image-preview":"max-image-preview:large","max-video-preview":"max-video-preview:-1"},"canonical":"https:\/\/uipathfoundation.com\/ro\/politica-protejarea-siguranta-copiilor\/","og_locale":"ro_RO","og_type":"article","og_title":"Politica privind protejarea \u0219i siguran\u021ba copilului | UiPath Foundation","og_description":"Politica protejeaz\u0103 copiii cu care interac\u021bion\u0103m \u00een cadrul programelor noastre educa\u021bionale, at\u00e2t online, c\u00e2t \u0219i offline.","og_url":"https:\/\/uipathfoundation.com\/ro\/politica-protejarea-siguranta-copiilor\/","og_site_name":"UiPath Foundation","article_publisher":"https:\/\/www.facebook.com\/UiPathFoundation","article_modified_time":"2025-05-19T11:30:29+00:00","og_image":[{"width":525,"height":275,"url":"https:\/\/uipathfoundation.com\/wp-content\/uploads\/2025\/05\/1_link-preview-homepage.png","type":"image\/png"}],"twitter_card":"summary_large_image","twitter_title":"Politica privind protejarea \u0219i siguran\u021ba copilului","schema":{"@context":"https:\/\/schema.org","@graph":[{"@type":"WebPage","@id":"https:\/\/uipathfoundation.com\/ro\/politica-protejarea-siguranta-copiilor\/","url":"https:\/\/uipathfoundation.com\/ro\/politica-protejarea-siguranta-copiilor\/","name":"Politica privind protejarea \u0219i siguran\u021ba copilului | UiPath Foundation","isPartOf":{"@id":"https:\/\/uipathfoundation.com\/ro\/#website"},"datePublished":"2024-11-11T12:46:00+00:00","dateModified":"2025-05-19T11:30:29+00:00","description":"Politica protejeaz\u0103 copiii cu care interac\u021bion\u0103m \u00een cadrul programelor noastre educa\u021bionale, at\u00e2t online, c\u00e2t \u0219i offline.","breadcrumb":{"@id":"https:\/\/uipathfoundation.com\/ro\/politica-protejarea-siguranta-copiilor\/#breadcrumb"},"inLanguage":"ro-RO","potentialAction":[{"@type":"ReadAction","target":["https:\/\/uipathfoundation.com\/ro\/politica-protejarea-siguranta-copiilor\/"]}]},{"@type":"BreadcrumbList","@id":"https:\/\/uipathfoundation.com\/ro\/politica-protejarea-siguranta-copiilor\/#breadcrumb","itemListElement":[{"@type":"ListItem","position":1,"name":"Home","item":"https:\/\/uipathfoundation.com\/ro\/home\/"},{"@type":"ListItem","position":2,"name":"Politica privind protejarea \u0219i siguran\u021ba copilului"}]},{"@type":"WebSite","@id":"https:\/\/uipathfoundation.com\/ro\/#website","url":"https:\/\/uipathfoundation.com\/ro\/","name":"UiPath Foundation","description":"","publisher":{"@id":"https:\/\/uipathfoundation.com\/ro\/#organization"},"potentialAction":[{"@type":"SearchAction","target":{"@type":"EntryPoint","urlTemplate":"https:\/\/uipathfoundation.com\/ro\/?s={search_term_string}"},"query-input":{"@type":"PropertyValueSpecification","valueRequired":true,"valueName":"search_term_string"}}],"inLanguage":"ro-RO"},{"@type":"Organization","@id":"https:\/\/uipathfoundation.com\/ro\/#organization","name":"UiPath Foundation","url":"https:\/\/uipathfoundation.com\/ro\/","logo":{"@type":"ImageObject","inLanguage":"ro-RO","@id":"https:\/\/uipathfoundation.com\/ro\/#\/schema\/logo\/image\/","url":"https:\/\/uipathfoundation.com\/wp-content\/uploads\/2025\/05\/Foundation_logo_RGB-scaled.png","contentUrl":"https:\/\/uipathfoundation.com\/wp-content\/uploads\/2025\/05\/Foundation_logo_RGB-scaled.png","width":2048,"height":843,"caption":"UiPath Foundation"},"image":{"@id":"https:\/\/uipathfoundation.com\/ro\/#\/schema\/logo\/image\/"},"sameAs":["https:\/\/www.facebook.com\/UiPathFoundation","https:\/\/www.instagram.com\/uipathfoundation\/","https:\/\/www.linkedin.com\/company\/28918457\/admin\/feed\/posts\/"],"publishingPrinciples":"https:\/\/uipathfoundation.com\/ro\/cine-suntem\/cum-lucram\/valori\/"}]}},"_links":{"self":[{"href":"https:\/\/uipathfoundation.com\/ro\/wp-json\/wp\/v2\/pages\/2526","targetHints":{"allow":["GET"]}}],"collection":[{"href":"https:\/\/uipathfoundation.com\/ro\/wp-json\/wp\/v2\/pages"}],"about":[{"href":"https:\/\/uipathfoundation.com\/ro\/wp-json\/wp\/v2\/types\/page"}],"author":[{"embeddable":true,"href":"https:\/\/uipathfoundation.com\/ro\/wp-json\/wp\/v2\/users\/1"}],"replies":[{"embeddable":true,"href":"https:\/\/uipathfoundation.com\/ro\/wp-json\/wp\/v2\/comments?post=2526"}],"version-history":[{"count":0,"href":"https:\/\/uipathfoundation.com\/ro\/wp-json\/wp\/v2\/pages\/2526\/revisions"}],"wp:attachment":[{"href":"https:\/\/uipathfoundation.com\/ro\/wp-json\/wp\/v2\/media?parent=2526"}],"curies":[{"name":"wp","href":"https:\/\/api.w.org\/{rel}","templated":true}]}}