{"id":5722,"date":"2025-03-26T23:03:46","date_gmt":"2025-03-26T23:03:46","guid":{"rendered":"https:\/\/uipathfoundation.com\/child-safeguarding-policy\/reporting-mechanism-adult\/"},"modified":"2025-05-15T12:24:51","modified_gmt":"2025-05-15T12:24:51","slug":"mecanism-raportare-adult","status":"publish","type":"page","link":"https:\/\/uipathfoundation.com\/ro\/politica-protejarea-siguranta-copiilor\/mecanism-raportare-adult\/","title":{"rendered":"Mecanism de raportare pentru adul\u021bi"},"content":{"rendered":"\r\n<section class='sectiongotopagesmall_block page  block_e2cae958db4d063688dce83b78a015c9'>\r\n\t\t<div class='main_sectiongotopagesmall'>\r\n\t\t<div class='inner_wrp'>\r\n\t\t\t<div class='inner_wrp_go_to'>\r\n\t\t\t\t\t\t\t\t\r\n\t\t\t\t<div class='col_desc bg_orange'>\r\n\t\t\t\t\t<div class='go_to_page btn_left'>\r\n\t\t\t\t\t\t<a href=\"https:\/\/uipathfoundation.com\/ro\/politica-protejarea-siguranta-copiilor\/\" class='' title=\"\u00cenapoi\">\r\n\t\t\t\t\t\t\t<span class='href_text'>\u00cenapoi<\/span>\r\n\t\t\t\t\t\t\t<span class='donate_ico icon-arrow_left'><\/span>\r\n\t\t\t\t\t\t<\/a>\r\n\t\t\t\t\t<\/div>\r\n\t\t\t\t\t<div class='content'>\r\n\t\t\t\t\t\t<p>Politica privind Protejarea \u0219i Siguran\u021ba Copilului<\/p>\n\t\t\t\t\t<\/div>\r\n\t\t\t\t<\/div>\r\n\t\t\t<\/div>\r\n\t\t<\/div>\r\n\t<\/div>\r\n<\/section>\r\n     \r\n\n\n<section class='sectionreportingmechanism_block block_2fdd215868c91457ea2b602ce9a598a4' id='block_2fdd215868c91457ea2b602ce9a598a4'>\r\n\t\t<div class='sectionreportingmechanism'>\r\n\t\t<div class='inner_wrp'>\r\n\t\t\t<div class='child_reportingmechanism_wrp'>\r\n\t\t\t\t<div class='child_reportingmechanism_bg_left bg_left_top'><\/div>\r\n\t\t\t\t<div class='child_reportingmechanism_middile'>\r\n\t\t\t\t\t<div class='reporting_top'> \r\n\t\t\t\t\t\t<div class='reporting_top_heading'>\r\n\t\t\t\t\t\t\t<h2>Mecanismul de raportare<\/h2>\r\n\t\t\t\t\t\t<\/div>\r\n\t\t\t\t\t\t<div class='reporting_top_desc'>\r\n\t\t\t\t\t\t\t<p>Scopul nostru este s\u0103 ar\u0103t\u0103m toleran\u021b\u0103 zero fa\u021b\u0103 de abuz sau violen\u021b\u0103 \u00eempotriva copiilor. Fii partenerul nostru \u00een atingerea acestui obiectiv!<br \/>\nDac\u0103 dori\u021bi s\u0103 depune\u021bi o \u00eengrijorare\/reclama\u021bie cu privire la o amenin\u021bare\/problem\u0103 privind bun\u0103starea copilului, aici este locul \u00een care pute\u021bi face acest lucru.<\/p>\n\t\t\t\t\t\t<\/div>\r\n\t\t\t\t\t<\/div>\r\n\t\t\t\t\t\r\n\t\t\t\t<\/div>\r\n\t\t\t\t<div class='child_reportingmechanism_bg_right bg_right_top'><\/div>\r\n\t\t\t<\/div>\r\n\t\t\t<div class='child_reportingmechanism_wrp'>\r\n\t\t\t\t<div class='child_reportingmechanism_bg_left'><\/div>\r\n\t\t\t\t<div class='child_reportingmechanism_middile'>\r\n\t\t\t\t\t\r\n\t\t\t\t\t<div class='reporting_middle'>\r\n\t\t\t\t\t\t<div class='reporting_middle_heading'>\r\n\t\t\t\t\t\t\t<h2>Te rug\u0103m s\u0103 completezi formularul de mai jos:<\/h2>\r\n\t\t\t\t\t\t<\/div>\r\n\t\t\t\t\t\t<div class='reporting_middle_desc'>\r\n\t\t\t\t\t\t\t\n<div class=\"wpcf7 no-js\" id=\"wpcf7-f5717-o1\" lang=\"ro-RO\" dir=\"ltr\" data-wpcf7-id=\"5717\">\n<div class=\"screen-reader-response\"><p role=\"status\" aria-live=\"polite\" aria-atomic=\"true\"><\/p> <ul><\/ul><\/div>\n<form action=\"\/ro\/wp-json\/wp\/v2\/pages\/5722#wpcf7-f5717-o1\" method=\"post\" class=\"wpcf7-form init\" aria-label=\"Formular de contact\" novalidate=\"novalidate\" data-status=\"init\">\n<fieldset class=\"hidden-fields-container\"><input type=\"hidden\" name=\"_wpcf7\" value=\"5717\" \/><input type=\"hidden\" name=\"_wpcf7_version\" value=\"6.1.5\" \/><input type=\"hidden\" name=\"_wpcf7_locale\" value=\"ro_RO\" \/><input type=\"hidden\" name=\"_wpcf7_unit_tag\" value=\"wpcf7-f5717-o1\" \/><input type=\"hidden\" name=\"_wpcf7_container_post\" value=\"0\" \/><input type=\"hidden\" name=\"_wpcf7_posted_data_hash\" value=\"\" \/><input type=\"hidden\" name=\"_wpcf7cf_hidden_group_fields\" value=\"[]\" \/><input type=\"hidden\" name=\"_wpcf7cf_hidden_groups\" value=\"[]\" \/><input type=\"hidden\" name=\"_wpcf7cf_visible_groups\" value=\"[]\" \/><input type=\"hidden\" name=\"_wpcf7cf_repeaters\" value=\"[]\" \/><input type=\"hidden\" name=\"_wpcf7cf_steps\" value=\"{}\" \/><input type=\"hidden\" name=\"_wpcf7cf_options\" value=\"{&quot;form_id&quot;:5717,&quot;conditions&quot;:[{&quot;then_field&quot;:&quot;group-anonim&quot;,&quot;and_rules&quot;:[{&quot;if_field&quot;:&quot;checkbox-contactdetails&quot;,&quot;operator&quot;:&quot;equals&quot;,&quot;if_value&quot;:&quot;&quot;}]},{&quot;then_field&quot;:&quot;group-input-one&quot;,&quot;and_rules&quot;:[{&quot;if_field&quot;:&quot;radio-regarding&quot;,&quot;operator&quot;:&quot;equals&quot;,&quot;if_value&quot;:&quot;O persoan\\u0103 care lucreaz\\u0103 cu UiPath Foundation (angajat, voluntar, furnizor, partener)&quot;}]},{&quot;then_field&quot;:&quot;group-input-two&quot;,&quot;and_rules&quot;:[{&quot;if_field&quot;:&quot;radio-regarding&quot;,&quot;operator&quot;:&quot;equals&quot;,&quot;if_value&quot;:&quot;O persoan\\u0103 din afara activit\\u0103\\u021bilor UiPath Foundation&quot;}]}],&quot;settings&quot;:{&quot;animation&quot;:&quot;yes&quot;,&quot;animation_intime&quot;:200,&quot;animation_outtime&quot;:200,&quot;conditions_ui&quot;:&quot;normal&quot;,&quot;notice_dismissed&quot;:false,&quot;notice_dismissed_rollback-cf7-6.0.6&quot;:true,&quot;notice_dismissed_rollback-cf7-6.1&quot;:true,&quot;notice_dismissed_rollback-cf7-6.1.1&quot;:true}}\" \/><input type=\"hidden\" name=\"_wpcf7_recaptcha_response\" value=\"\" \/>\n<\/fieldset>\n<div class='form_row_top'>\n    <div class='form_row'>\n        <div class='form_row_heading'>\u00cengrijorarea mea este cu privire la:<\/div>\n        <div class='form_row_radio'><span class=\"wpcf7-form-control-wrap\" data-name=\"radio-regarding\"><span class=\"wpcf7-form-control wpcf7-radio radio_buttons\"><span class=\"wpcf7-list-item first last\"><label><input type=\"radio\" name=\"radio-regarding\" value=\"O persoan\u0103 care lucreaz\u0103 cu UiPath Foundation (angajat, voluntar, furnizor, partener)\" \/><span class=\"wpcf7-list-item-label\">O persoan\u0103 care lucreaz\u0103 cu UiPath Foundation (angajat, voluntar, furnizor, partener)<\/span><\/label><\/span><\/span><\/span><\/div>\n\n        <div data-id=\"group-input-one\" data-orig_data_id=\"group-input-one\" data-clear_on_hide class=\"\" data-class=\"wpcf7cf_group\">\n        <div class='form_group padding_left'>\n            <div class='form_row_description'>\n                <div class='description'>Numele persoanei:<\/div>    \n            <\/div>\n            <div class='form_row_input'>\n                <span class=\"wpcf7-form-control-wrap\" data-name=\"text-a-person-related\"><input size=\"40\" maxlength=\"400\" class=\"wpcf7-form-control wpcf7-text form_input\" aria-invalid=\"false\" placeholder=\"Completeaz\u0103 informa\u021biile aici\" value=\"\" type=\"text\" name=\"text-a-person-related\" \/><\/span>\n            <\/div>\n        <\/div>\n        <\/div>\n        <div class='form_row_radio'><span class=\"wpcf7-form-control-wrap\" data-name=\"radio-regarding\"><span class=\"wpcf7-form-control wpcf7-radio radio_buttons\"><span class=\"wpcf7-list-item first last\"><label><input type=\"radio\" name=\"radio-regarding\" value=\"O persoan\u0103 din afara activit\u0103\u021bilor UiPath Foundation\" \/><span class=\"wpcf7-list-item-label\">O persoan\u0103 din afara activit\u0103\u021bilor UiPath Foundation<\/span><\/label><\/span><\/span><\/span><\/div>\n        <div data-id=\"group-input-two\" data-orig_data_id=\"group-input-two\" data-clear_on_hide class=\"\" data-class=\"wpcf7cf_group\">\n        <div class='form_group padding_left'>\n            <div class='form_row_description'>\n                <div class='description'>Numele persoanei:<\/div>    \n            <\/div>\n            <div class='form_row_input'>\n                <span class=\"wpcf7-form-control-wrap\" data-name=\"text-a-person-external\"><input size=\"40\" maxlength=\"400\" class=\"wpcf7-form-control wpcf7-text form_input\" aria-invalid=\"false\" placeholder=\"Completeaz\u0103 informa\u021biile aici\" value=\"\" type=\"text\" name=\"text-a-person-external\" \/><\/span>\n            <\/div>\n        <\/div>\n        <\/div>\n    <\/div>\n<\/div>\n<div class='form_row_middle'>\n    <div class='form_row'>\n        <div class='form_row_description'>\n            <div class='form_row_heading less_margin_bottom'>Preocuparea pentru starea de bine copilului<\/div>\n            <div class='description'>Acest formular face referire la o problem\u0103 ce \u021bine de protejarea \u0219i siguran\u021ba copilului. (Include toate detaliile pe care le ai \u00een momentul raport\u0103rii cu privire la cine, ce, c\u00e2nd \u0219i unde. Explic\u0103 de ce a ap\u0103rut \u00eengrijorarea \u0219i de ce ai decis s\u0103 raportezi incidentul).<\/div>\n        <\/div>\n        <div class='form_row_textarea'>\n            <div class='form_group'>\n                <span class='input_heading'>Ce s-a \u00eent\u00e2mplat?<\/span>\n                <span class=\"wpcf7-form-control-wrap\" data-name=\"textarea-whathappend\"><textarea cols=\"40\" rows=\"10\" maxlength=\"2000\" class=\"wpcf7-form-control wpcf7-textarea form_textarea\" aria-invalid=\"false\" placeholder=\"Ce s-a \u00eent\u00e2mplat?\" name=\"textarea-whathappend\"><\/textarea><\/span>\n            <\/div>\n        <\/div>\n        <div class='form_row two_cols'>\n            <div class='form_row_left'>\n                <div class='form_group'>\n                    <span class='input_heading'>C\u00e2nd s-a \u00eent\u00e2mplat?<\/span>\n                    <span class=\"wpcf7-form-control-wrap\" data-name=\"text-whendidithappen\"><input size=\"40\" maxlength=\"400\" class=\"wpcf7-form-control wpcf7-text form_input\" aria-invalid=\"false\" placeholder=\"C\u00e2nd s-a \u00eent\u00e2mplat?\" value=\"\" type=\"text\" name=\"text-whendidithappen\" \/><\/span>\n                <\/div>\n            <\/div>\n            <div class='form_row_right'>\n                <div class='form_group'>\n                    <span class='input_heading'>Unde s-a \u00eent\u00e2mplat?<\/span>\n                    <span class=\"wpcf7-form-control-wrap\" data-name=\"text-wheredidithappen\"><input size=\"40\" maxlength=\"400\" class=\"wpcf7-form-control wpcf7-text form_input\" aria-invalid=\"false\" placeholder=\"Unde s-a \u00eent\u00e2mplat?\" value=\"\" type=\"text\" name=\"text-wheredidithappen\" \/><\/span>\n                <\/div>\n            <\/div>\n        <\/div>\n    <\/div>\n<\/div>\n\n<div class='form_row_middle'>\n    <div class='form_row more_margin_bottom'>\n        <div class='form_row_heading'>Date de contact<\/div>\n        <div class='form_row_checkbox'>\n            <div class='form_group'>\n                <span class=\"wpcf7-form-control-wrap\" data-name=\"checkbox-contactdetails\"><span class=\"wpcf7-form-control wpcf7-checkbox form_checkbox\"><span class=\"wpcf7-list-item first last\"><label><input type=\"checkbox\" name=\"checkbox-contactdetails[]\" value=\"Vreau s\u0103 r\u0103m\u00e2n anonim\" \/><span class=\"wpcf7-list-item-label\">Vreau s\u0103 r\u0103m\u00e2n anonim<\/span><\/label><\/span><\/span><\/span>\n            <\/div>\n        <\/div>\n    <\/div>\n    <div data-id=\"group-anonim\" data-orig_data_id=\"group-anonim\" data-clear_on_hide class=\"\" data-class=\"wpcf7cf_group\">\n    <div class='form_row two_cols'>\n        <div class='form_row_left'>\n            <div class='form_group'>\n                <span class='input_heading'>Numele t\u0103u<\/span>\n                <span class=\"wpcf7-form-control-wrap\" data-name=\"text-yourname\"><input size=\"40\" maxlength=\"400\" class=\"wpcf7-form-control wpcf7-text wpcf7-validates-as-required form_input\" aria-required=\"true\" aria-invalid=\"false\" placeholder=\"Numele t\u0103u\" value=\"\" type=\"text\" name=\"text-yourname\" \/><\/span>\n            <\/div>\n        <\/div>\n        <div class='form_row_right'>\n            <div class='form_group'>\n                <span class='input_heading'>Num\u0103rul t\u0103u de telefon<\/span>\n                <span class=\"wpcf7-form-control-wrap\" data-name=\"tel-phonenumber\"><input size=\"40\" maxlength=\"400\" class=\"wpcf7-form-control wpcf7-tel wpcf7-validates-as-required wpcf7-text wpcf7-validates-as-tel form_input\" aria-required=\"true\" aria-invalid=\"false\" placeholder=\"Num\u0103rul t\u0103u de telefon\" value=\"\" type=\"tel\" name=\"tel-phonenumber\" \/><\/span>\n            <\/div>\n        <\/div>\n    <\/div>\n    <div class='form_row'>\n        <div class='form_group'>\n            <span class='input_heading'>Adresa ta de e-mail<\/span>\n            <span class=\"wpcf7-form-control-wrap\" data-name=\"email-youremail\"><input size=\"40\" maxlength=\"400\" class=\"wpcf7-form-control wpcf7-email wpcf7-validates-as-required wpcf7-text wpcf7-validates-as-email form_input\" aria-required=\"true\" aria-invalid=\"false\" placeholder=\"Adresa ta de e-mail\" value=\"\" type=\"email\" name=\"email-youremail\" \/><\/span>\n        <\/div>\n    <\/div>\n    <\/div>\n<\/div>\n<div class='form_row_bottom'>\n    <div class='form_row'>\n        <div class='form_row_description form_row_description_adult'>\n            <div class='form_row_heading'>Acord<\/div>\n            <div class='description bigger adult_content'>\n                <p>Destinatarii formularului sunt: Directorul pentru Protejarea \u0219i Siguran\u021ba Copilului \u0219i Responsabilul cu Protejarea \u0219i Siguran\u021ba Copilului.<p>\n                <p>Echipa va analiza \u0219i investiga problema \u0219i va decide dac\u0103 pl\u00e2ngerea:<\/p>\n            <\/div>\n            <div class='description adult_content'>\n                <ul>\n                    <li>Este \u00een conformitate cu procedura intern\u0103 de protec\u021bie a copilului (luarea de m\u0103suri relevante \u0219i monitorizarea evolu\u021biei la nivel local).<\/li>\n                    <li>Ar trebui s\u0103 ajung\u0103 la autorit\u0103\u021bi, caz \u00een care organiza\u021bia va depune o sesizare oficial\u0103 (la Serviciile de Asisten\u021b\u0103 Social\u0103 sau la Poli\u021bie) \u0219i va urm\u0103ri evolu\u021bia circumstan\u021belor.<\/li>\n                <\/ul>\n                <p>Dup\u0103 primirea unei pl\u00e2ngeri, at\u00e2t Directorul pentru Protejarea \u0219i Siguran\u021ba Copilului c\u00e2t \u0219i Responsabilul cu Protejarea \u0219i Siguran\u021ba Copilului vor decide dac\u0103 Politica privind Protejarea \u0219i Siguran\u021ba Copilului trebuie actualizat\u0103.<\/p>\n                <p>\u00cen stabilirea deciziei \u0219i a ac\u021biunilor care urmeaz\u0103 s\u0103 fie impuse, interesul copilului va fi pus pe primul loc.<\/p>\n                <p>Eviden\u021bele reclama\u021biilor\/rapoartelor sunt bine p\u0103strate \u00een cadrul organiza\u021biei. Rapoartele sunt tratate cu confiden\u021bialitate.<\/p>\n                <p>Subiectul pl\u00e2ngerii \u0219i to\u021bi martorii trebuie s\u0103 coopereze pe deplin \u0219i deschis \u00een timpul investiga\u021biilor \u0219i audierilor interne.<\/p>\n                <p>Investiga\u021biile interne legate de acuza\u021biile de comportament neadecvat urmeaz\u0103 s\u0103 fie discutate cu autorit\u0103\u021bile competente.<\/p>\n            <\/div>\n        <\/div>\n    <\/div>\n    <div class='form_row'>\n        <div class='form_group acc_field'>\n            <span class=\"wpcf7-form-control-wrap\" data-name=\"acceptance-pointsabove\"><span class=\"wpcf7-form-control wpcf7-acceptance optional\"><span class=\"wpcf7-list-item\"><label><input type=\"checkbox\" name=\"acceptance-pointsabove\" value=\"1\" aria-invalid=\"false\" \/><span class=\"wpcf7-list-item-label\">Sunt de acord cu ace\u0219ti termeni \u0219i condi\u021bii.<\/span><\/label><\/span><\/span><\/span>\n        <\/div>\n        <div class='form_group acc_field'>\n            <span class=\"wpcf7-form-control-wrap\" data-name=\"acceptance-terms\"><span class=\"wpcf7-form-control wpcf7-acceptance optional\"><span class=\"wpcf7-list-item\"><label><input type=\"checkbox\" name=\"acceptance-terms\" value=\"1\" aria-invalid=\"false\" \/><span class=\"wpcf7-list-item-label\">Am citit \u0219i sunt de acord cu . <a href=\"https:\/\/uipathfoundation.com\/ro\/politicile-noastre\/politica-de-confidentialitate\/\" target=\"_blank\">Politica de Confiden\u021bialitate<\/a><\/span><\/label><\/span><\/span><\/span>\n        <\/div>\n    <\/div>\n    <div class='form_row'>\n        <div class='form_group form_submit'>\n            <input class=\"wpcf7-form-control wpcf7-submit has-spinner input_submit\" type=\"submit\" value=\"Trimite\" \/>\n        <\/div>\n    <\/div>\n<\/div><div class=\"wpcf7-response-output\" aria-hidden=\"true\"><\/div>\n<\/form>\n<\/div>\n\t\t\t\t\t\t<\/div>\r\n\t\t\t\t\t<\/div>\r\n\t\t\t\t\t<div class='reporting_thank_you' id='thank_you_message' style='display:none;'>\r\n\t\t\t\t\t\t<div class='reporting_thank_you_heading'>\r\n\t\t\t\t\t\t\tMul\u021bumim c\u0103 ai sesizat un incident!\t\t\t\t\t\t<\/div>\r\n\t\t\t\t\t\t<div class='reporting_thank_you_desc'>\r\n\t\t\t\t\t\t\t<p>Pe m\u0103sur\u0103 ce echipa noastr\u0103 de protec\u021bie a copiilor investigheaz\u0103 incidentul, este posibil s\u0103 v\u0103 contact\u0103m pentru a aduna mai multe date sau pentru a raporta rezultatele investiga\u021biei noastre.<\/p>\n\t\t\t\t\t\t<\/div>\r\n\t\t\t\t\t<\/div>\r\n\t\t\t\t<\/div>\r\n\t\t\t\t<div class='child_reportingmechanism_bg_right'><\/div>\r\n\t\t\t<\/div>\r\n\r\n\t\t<\/div>\r\n\t<\/div>\r\n<\/section>\r\n\r\n\r\n\n\n\n<p><\/p>\n","protected":false},"excerpt":{"rendered":"","protected":false},"author":1,"featured_media":0,"parent":2526,"menu_order":0,"comment_status":"closed","ping_status":"closed","template":"","meta":{"_acf_changed":false,"footnotes":""},"class_list":["post-5722","page","type-page","status-publish","hentry"],"acf":[],"yoast_head":"<!-- This site is optimized with the Yoast SEO Premium plugin v25.9 (Yoast SEO v25.9) - https:\/\/yoast.com\/wordpress\/plugins\/seo\/ -->\n<title>Mecanism de raportare pentru adul\u021bi | UiPath Foundation<\/title>\n<meta name=\"robots\" content=\"index, follow, max-snippet:-1, max-image-preview:large, max-video-preview:-1\" \/>\n<link rel=\"canonical\" href=\"https:\/\/uipathfoundation.com\/ro\/politica-protejarea-siguranta-copiilor\/mecanism-raportare-adult\/\" \/>\n<meta property=\"og:locale\" content=\"ro_RO\" \/>\n<meta property=\"og:type\" content=\"article\" \/>\n<meta property=\"og:title\" content=\"Mecanism de raportare pentru adul\u021bi\" \/>\n<meta property=\"og:url\" content=\"https:\/\/uipathfoundation.com\/ro\/politica-protejarea-siguranta-copiilor\/mecanism-raportare-adult\/\" \/>\n<meta property=\"og:site_name\" content=\"UiPath Foundation\" \/>\n<meta property=\"article:publisher\" content=\"https:\/\/www.facebook.com\/UiPathFoundation\" \/>\n<meta property=\"article:modified_time\" content=\"2025-05-15T12:24:51+00:00\" \/>\n<meta property=\"og:image\" content=\"https:\/\/uipathfoundation.com\/wp-content\/uploads\/2025\/05\/1_link-preview-homepage.png\" \/>\n\t<meta property=\"og:image:width\" content=\"525\" \/>\n\t<meta property=\"og:image:height\" content=\"275\" \/>\n\t<meta property=\"og:image:type\" content=\"image\/png\" \/>\n<meta name=\"twitter:card\" content=\"summary_large_image\" \/>\n<script type=\"application\/ld+json\" class=\"yoast-schema-graph\">{\"@context\":\"https:\/\/schema.org\",\"@graph\":[{\"@type\":\"WebPage\",\"@id\":\"https:\/\/uipathfoundation.com\/ro\/politica-protejarea-siguranta-copiilor\/mecanism-raportare-adult\/\",\"url\":\"https:\/\/uipathfoundation.com\/ro\/politica-protejarea-siguranta-copiilor\/mecanism-raportare-adult\/\",\"name\":\"Mecanism de raportare pentru adul\u021bi | UiPath Foundation\",\"isPartOf\":{\"@id\":\"https:\/\/uipathfoundation.com\/ro\/#website\"},\"datePublished\":\"2025-03-26T23:03:46+00:00\",\"dateModified\":\"2025-05-15T12:24:51+00:00\",\"breadcrumb\":{\"@id\":\"https:\/\/uipathfoundation.com\/ro\/politica-protejarea-siguranta-copiilor\/mecanism-raportare-adult\/#breadcrumb\"},\"inLanguage\":\"ro-RO\",\"potentialAction\":[{\"@type\":\"ReadAction\",\"target\":[\"https:\/\/uipathfoundation.com\/ro\/politica-protejarea-siguranta-copiilor\/mecanism-raportare-adult\/\"]}]},{\"@type\":\"BreadcrumbList\",\"@id\":\"https:\/\/uipathfoundation.com\/ro\/politica-protejarea-siguranta-copiilor\/mecanism-raportare-adult\/#breadcrumb\",\"itemListElement\":[{\"@type\":\"ListItem\",\"position\":1,\"name\":\"Home\",\"item\":\"https:\/\/uipathfoundation.com\/ro\/home\/\"},{\"@type\":\"ListItem\",\"position\":2,\"name\":\"Politica privind protejarea \u0219i siguran\u021ba copilului\",\"item\":\"https:\/\/uipathfoundation.com\/ro\/politica-protejarea-siguranta-copiilor\/\"},{\"@type\":\"ListItem\",\"position\":3,\"name\":\"Mecanism de raportare pentru adul\u021bi\"}]},{\"@type\":\"WebSite\",\"@id\":\"https:\/\/uipathfoundation.com\/ro\/#website\",\"url\":\"https:\/\/uipathfoundation.com\/ro\/\",\"name\":\"UiPath Foundation\",\"description\":\"\",\"publisher\":{\"@id\":\"https:\/\/uipathfoundation.com\/ro\/#organization\"},\"potentialAction\":[{\"@type\":\"SearchAction\",\"target\":{\"@type\":\"EntryPoint\",\"urlTemplate\":\"https:\/\/uipathfoundation.com\/ro\/?s={search_term_string}\"},\"query-input\":{\"@type\":\"PropertyValueSpecification\",\"valueRequired\":true,\"valueName\":\"search_term_string\"}}],\"inLanguage\":\"ro-RO\"},{\"@type\":\"Organization\",\"@id\":\"https:\/\/uipathfoundation.com\/ro\/#organization\",\"name\":\"UiPath Foundation\",\"url\":\"https:\/\/uipathfoundation.com\/ro\/\",\"logo\":{\"@type\":\"ImageObject\",\"inLanguage\":\"ro-RO\",\"@id\":\"https:\/\/uipathfoundation.com\/ro\/#\/schema\/logo\/image\/\",\"url\":\"https:\/\/uipathfoundation.com\/wp-content\/uploads\/2025\/05\/Foundation_logo_RGB-scaled.png\",\"contentUrl\":\"https:\/\/uipathfoundation.com\/wp-content\/uploads\/2025\/05\/Foundation_logo_RGB-scaled.png\",\"width\":2048,\"height\":843,\"caption\":\"UiPath Foundation\"},\"image\":{\"@id\":\"https:\/\/uipathfoundation.com\/ro\/#\/schema\/logo\/image\/\"},\"sameAs\":[\"https:\/\/www.facebook.com\/UiPathFoundation\",\"https:\/\/www.instagram.com\/uipathfoundation\/\",\"https:\/\/www.linkedin.com\/company\/28918457\/admin\/feed\/posts\/\"],\"publishingPrinciples\":\"https:\/\/uipathfoundation.com\/ro\/cine-suntem\/cum-lucram\/valori\/\"}]}<\/script>\n<!-- \/ Yoast SEO Premium plugin. -->","yoast_head_json":{"title":"Mecanism de raportare pentru adul\u021bi | UiPath Foundation","robots":{"index":"index","follow":"follow","max-snippet":"max-snippet:-1","max-image-preview":"max-image-preview:large","max-video-preview":"max-video-preview:-1"},"canonical":"https:\/\/uipathfoundation.com\/ro\/politica-protejarea-siguranta-copiilor\/mecanism-raportare-adult\/","og_locale":"ro_RO","og_type":"article","og_title":"Mecanism de raportare pentru adul\u021bi","og_url":"https:\/\/uipathfoundation.com\/ro\/politica-protejarea-siguranta-copiilor\/mecanism-raportare-adult\/","og_site_name":"UiPath Foundation","article_publisher":"https:\/\/www.facebook.com\/UiPathFoundation","article_modified_time":"2025-05-15T12:24:51+00:00","og_image":[{"width":525,"height":275,"url":"https:\/\/uipathfoundation.com\/wp-content\/uploads\/2025\/05\/1_link-preview-homepage.png","type":"image\/png"}],"twitter_card":"summary_large_image","schema":{"@context":"https:\/\/schema.org","@graph":[{"@type":"WebPage","@id":"https:\/\/uipathfoundation.com\/ro\/politica-protejarea-siguranta-copiilor\/mecanism-raportare-adult\/","url":"https:\/\/uipathfoundation.com\/ro\/politica-protejarea-siguranta-copiilor\/mecanism-raportare-adult\/","name":"Mecanism de raportare pentru adul\u021bi | UiPath Foundation","isPartOf":{"@id":"https:\/\/uipathfoundation.com\/ro\/#website"},"datePublished":"2025-03-26T23:03:46+00:00","dateModified":"2025-05-15T12:24:51+00:00","breadcrumb":{"@id":"https:\/\/uipathfoundation.com\/ro\/politica-protejarea-siguranta-copiilor\/mecanism-raportare-adult\/#breadcrumb"},"inLanguage":"ro-RO","potentialAction":[{"@type":"ReadAction","target":["https:\/\/uipathfoundation.com\/ro\/politica-protejarea-siguranta-copiilor\/mecanism-raportare-adult\/"]}]},{"@type":"BreadcrumbList","@id":"https:\/\/uipathfoundation.com\/ro\/politica-protejarea-siguranta-copiilor\/mecanism-raportare-adult\/#breadcrumb","itemListElement":[{"@type":"ListItem","position":1,"name":"Home","item":"https:\/\/uipathfoundation.com\/ro\/home\/"},{"@type":"ListItem","position":2,"name":"Politica privind protejarea \u0219i siguran\u021ba copilului","item":"https:\/\/uipathfoundation.com\/ro\/politica-protejarea-siguranta-copiilor\/"},{"@type":"ListItem","position":3,"name":"Mecanism de raportare pentru adul\u021bi"}]},{"@type":"WebSite","@id":"https:\/\/uipathfoundation.com\/ro\/#website","url":"https:\/\/uipathfoundation.com\/ro\/","name":"UiPath Foundation","description":"","publisher":{"@id":"https:\/\/uipathfoundation.com\/ro\/#organization"},"potentialAction":[{"@type":"SearchAction","target":{"@type":"EntryPoint","urlTemplate":"https:\/\/uipathfoundation.com\/ro\/?s={search_term_string}"},"query-input":{"@type":"PropertyValueSpecification","valueRequired":true,"valueName":"search_term_string"}}],"inLanguage":"ro-RO"},{"@type":"Organization","@id":"https:\/\/uipathfoundation.com\/ro\/#organization","name":"UiPath Foundation","url":"https:\/\/uipathfoundation.com\/ro\/","logo":{"@type":"ImageObject","inLanguage":"ro-RO","@id":"https:\/\/uipathfoundation.com\/ro\/#\/schema\/logo\/image\/","url":"https:\/\/uipathfoundation.com\/wp-content\/uploads\/2025\/05\/Foundation_logo_RGB-scaled.png","contentUrl":"https:\/\/uipathfoundation.com\/wp-content\/uploads\/2025\/05\/Foundation_logo_RGB-scaled.png","width":2048,"height":843,"caption":"UiPath Foundation"},"image":{"@id":"https:\/\/uipathfoundation.com\/ro\/#\/schema\/logo\/image\/"},"sameAs":["https:\/\/www.facebook.com\/UiPathFoundation","https:\/\/www.instagram.com\/uipathfoundation\/","https:\/\/www.linkedin.com\/company\/28918457\/admin\/feed\/posts\/"],"publishingPrinciples":"https:\/\/uipathfoundation.com\/ro\/cine-suntem\/cum-lucram\/valori\/"}]}},"_links":{"self":[{"href":"https:\/\/uipathfoundation.com\/ro\/wp-json\/wp\/v2\/pages\/5722","targetHints":{"allow":["GET"]}}],"collection":[{"href":"https:\/\/uipathfoundation.com\/ro\/wp-json\/wp\/v2\/pages"}],"about":[{"href":"https:\/\/uipathfoundation.com\/ro\/wp-json\/wp\/v2\/types\/page"}],"author":[{"embeddable":true,"href":"https:\/\/uipathfoundation.com\/ro\/wp-json\/wp\/v2\/users\/1"}],"replies":[{"embeddable":true,"href":"https:\/\/uipathfoundation.com\/ro\/wp-json\/wp\/v2\/comments?post=5722"}],"version-history":[{"count":0,"href":"https:\/\/uipathfoundation.com\/ro\/wp-json\/wp\/v2\/pages\/5722\/revisions"}],"up":[{"embeddable":true,"href":"https:\/\/uipathfoundation.com\/ro\/wp-json\/wp\/v2\/pages\/2526"}],"wp:attachment":[{"href":"https:\/\/uipathfoundation.com\/ro\/wp-json\/wp\/v2\/media?parent=5722"}],"curies":[{"name":"wp","href":"https:\/\/api.w.org\/{rel}","templated":true}]}}