{"id":5724,"date":"2025-03-18T09:09:38","date_gmt":"2025-03-18T09:09:38","guid":{"rendered":"https:\/\/uipathfoundation.com\/child-safeguarding-policy\/reporting-mechanism-child\/"},"modified":"2025-10-20T16:08:12","modified_gmt":"2025-10-20T16:08:12","slug":"mecanism-raportare-copil","status":"publish","type":"page","link":"https:\/\/uipathfoundation.com\/ro\/politica-protejarea-siguranta-copiilor\/mecanism-raportare-copil\/","title":{"rendered":"Mecanism de raportare pentru copii"},"content":{"rendered":"\r\n<section class='sectiongotopagesmall_block page  block_d72ca7e7e9d0c49b1368616ed954c54f'>\r\n\t\t<div class='main_sectiongotopagesmall'>\r\n\t\t<div class='inner_wrp'>\r\n\t\t\t<div class='inner_wrp_go_to'>\r\n\t\t\t\t\t\t\t\t\r\n\t\t\t\t<div class='col_desc bg_orange'>\r\n\t\t\t\t\t<div class='go_to_page btn_left'>\r\n\t\t\t\t\t\t<a href=\"https:\/\/uipathfoundation.com\/ro\/politica-protejarea-siguranta-copiilor\/\" class='' title=\"\u00cenapoi\">\r\n\t\t\t\t\t\t\t<span class='href_text'>\u00cenapoi<\/span>\r\n\t\t\t\t\t\t\t<span class='donate_ico icon-arrow_left'><\/span>\r\n\t\t\t\t\t\t<\/a>\r\n\t\t\t\t\t<\/div>\r\n\t\t\t\t\t<div class='content'>\r\n\t\t\t\t\t\t<p>Politica privind Protejarea \u0219i Siguran\u021ba Copilului<\/p>\n\t\t\t\t\t<\/div>\r\n\t\t\t\t<\/div>\r\n\t\t\t<\/div>\r\n\t\t<\/div>\r\n\t<\/div>\r\n<\/section>\r\n     \r\n\n\n\n<p><\/p>\n\n\n<section class='sectionreportingmechanism_block block_209c053e3df2e00f224d9898dbd7119a' id='block_209c053e3df2e00f224d9898dbd7119a'>\r\n\t\t<div class='sectionreportingmechanism'>\r\n\t\t<div class='inner_wrp'>\r\n\t\t\t<div class='child_reportingmechanism_wrp'>\r\n\t\t\t\t<div class='child_reportingmechanism_bg_left bg_left_top'><\/div>\r\n\t\t\t\t<div class='child_reportingmechanism_middile'>\r\n\t\t\t\t\t<div class='reporting_top'> \r\n\t\t\t\t\t\t<div class='reporting_top_heading'>\r\n\t\t\t\t\t\t\t<h2>Mecanismul de raportare<\/h2>\r\n\t\t\t\t\t\t<\/div>\r\n\t\t\t\t\t\t<div class='reporting_top_desc'>\r\n\t\t\t\t\t\t\t<p>\u00ce\u021bi aminte\u0219ti de piesele de puzzle despre care am vorbit \u00een Politica noastr\u0103?<br \/>\nAici po\u021bi s\u0103 ne spui dac\u0103 sunt piese care \u00ee\u021bi lipsesc sau piese care nu se potrivesc. Altfel spus: dac\u0103 nu te sim\u021bi \u00een siguran\u021b\u0103 \u00een interac\u021biunile noastre fa\u021b\u0103 \u00een fa\u021b\u0103 sau online, \u00een timpul programelor noastre educa\u021bionale, sau dac\u0103 sunt lucruri care te apas\u0103 \u0219i pe care trebuie s\u0103 le discu\u021bi.<\/p>\n\t\t\t\t\t\t<\/div>\r\n\t\t\t\t\t<\/div>\r\n\t\t\t\t\t\r\n\t\t\t\t<\/div>\r\n\t\t\t\t<div class='child_reportingmechanism_bg_right bg_right_top'><\/div>\r\n\t\t\t<\/div>\r\n\t\t\t<div class='child_reportingmechanism_wrp'>\r\n\t\t\t\t<div class='child_reportingmechanism_bg_left'><\/div>\r\n\t\t\t\t<div class='child_reportingmechanism_middile'>\r\n\t\t\t\t\t\r\n\t\t\t\t\t<div class='reporting_middle'>\r\n\t\t\t\t\t\t<div class='reporting_middle_heading'>\r\n\t\t\t\t\t\t\t<h2>Te rug\u0103m s\u0103 completezi formularul de mai jos:<\/h2>\r\n\t\t\t\t\t\t<\/div>\r\n\t\t\t\t\t\t<div class='reporting_middle_desc'>\r\n\t\t\t\t\t\t\t\n<div class=\"wpcf7 no-js\" id=\"wpcf7-f5718-o1\" lang=\"ro-RO\" dir=\"ltr\" data-wpcf7-id=\"5718\">\n<div class=\"screen-reader-response\"><p role=\"status\" aria-live=\"polite\" aria-atomic=\"true\"><\/p> <ul><\/ul><\/div>\n<form action=\"\/ro\/wp-json\/wp\/v2\/pages\/5724#wpcf7-f5718-o1\" method=\"post\" class=\"wpcf7-form init\" aria-label=\"Formular de contact\" novalidate=\"novalidate\" data-status=\"init\">\n<fieldset class=\"hidden-fields-container\"><input type=\"hidden\" name=\"_wpcf7\" value=\"5718\" \/><input type=\"hidden\" name=\"_wpcf7_version\" value=\"6.1.5\" \/><input type=\"hidden\" name=\"_wpcf7_locale\" value=\"ro_RO\" \/><input type=\"hidden\" name=\"_wpcf7_unit_tag\" value=\"wpcf7-f5718-o1\" \/><input type=\"hidden\" name=\"_wpcf7_container_post\" value=\"0\" \/><input type=\"hidden\" name=\"_wpcf7_posted_data_hash\" value=\"\" \/><input type=\"hidden\" name=\"_wpcf7cf_hidden_group_fields\" value=\"[]\" \/><input type=\"hidden\" name=\"_wpcf7cf_hidden_groups\" value=\"[]\" \/><input type=\"hidden\" name=\"_wpcf7cf_visible_groups\" value=\"[]\" \/><input type=\"hidden\" name=\"_wpcf7cf_repeaters\" value=\"[]\" \/><input type=\"hidden\" name=\"_wpcf7cf_steps\" value=\"{}\" \/><input type=\"hidden\" name=\"_wpcf7cf_options\" value=\"{&quot;form_id&quot;:5718,&quot;conditions&quot;:[{&quot;then_field&quot;:&quot;group-anonim&quot;,&quot;and_rules&quot;:[{&quot;if_field&quot;:&quot;checkbox-contactdetails&quot;,&quot;operator&quot;:&quot;equals&quot;,&quot;if_value&quot;:&quot;&quot;}]},{&quot;then_field&quot;:&quot;group-input-one&quot;,&quot;and_rules&quot;:[{&quot;if_field&quot;:&quot;radio-regarding&quot;,&quot;operator&quot;:&quot;equals&quot;,&quot;if_value&quot;:&quot;O situa\\u021bie care s-a \\u00eent\\u00e2mplat c\\u00e2nd am participat la activit\\u0103\\u021bile UiPath Foundation&quot;}]},{&quot;then_field&quot;:&quot;group-input-two&quot;,&quot;and_rules&quot;:[{&quot;if_field&quot;:&quot;radio-regarding&quot;,&quot;operator&quot;:&quot;equals&quot;,&quot;if_value&quot;:&quot;O situa\\u021bie care mi s-a \\u00eent\\u00e2mplat \\u00een afara activit\\u0103\\u021bilor UiPath Foundation&quot;}]},{&quot;then_field&quot;:&quot;group-input-three&quot;,&quot;and_rules&quot;:[{&quot;if_field&quot;:&quot;radio-regarding&quot;,&quot;operator&quot;:&quot;equals&quot;,&quot;if_value&quot;:&quot;O situa\\u021bie care i s-a \\u00eent\\u00e2mplat altcuiva&quot;}]}],&quot;settings&quot;:{&quot;animation&quot;:&quot;yes&quot;,&quot;animation_intime&quot;:200,&quot;animation_outtime&quot;:200,&quot;conditions_ui&quot;:&quot;normal&quot;,&quot;notice_dismissed&quot;:false,&quot;notice_dismissed_rollback-cf7-6.0.6&quot;:true,&quot;notice_dismissed_rollback-cf7-6.1&quot;:true,&quot;notice_dismissed_rollback-cf7-6.1.1&quot;:true}}\" \/><input type=\"hidden\" name=\"_wpcf7_recaptcha_response\" value=\"\" \/>\n<\/fieldset>\n<div class='form_row_top'>\n    <div class='form_row'>\n        <div class='form_row_heading'>Doresc s\u0103 depun o \u00eengrijorare\/reclama\u021bie, cu privire la:<\/div>\n        <div class='form_row_radio'><span class=\"wpcf7-form-control-wrap\" data-name=\"radio-regarding\"><span class=\"wpcf7-form-control wpcf7-radio radio_buttons\"><span class=\"wpcf7-list-item first last\"><label><input type=\"radio\" name=\"radio-regarding\" value=\"O situa\u021bie care s-a \u00eent\u00e2mplat c\u00e2nd am participat la activit\u0103\u021bile UiPath Foundation\" \/><span class=\"wpcf7-list-item-label\">O situa\u021bie care s-a \u00eent\u00e2mplat c\u00e2nd am participat la activit\u0103\u021bile UiPath Foundation<\/span><\/label><\/span><\/span><\/span><\/div>\n        <div data-id=\"group-input-one\" data-orig_data_id=\"group-input-one\" data-clear_on_hide class=\"\" data-class=\"wpcf7cf_group\">\n        <div class='form_group padding_left'>\n            <div class='form_row_description'>\n                <div class='description'>Spune-ne ce activitate a fost sau care este numele programului:<\/div>    \n            <\/div>\n            <div class='form_row_input'>\n                <span class=\"wpcf7-form-control-wrap\" data-name=\"text-i-participated\"><input size=\"40\" maxlength=\"400\" class=\"wpcf7-form-control wpcf7-text form_input\" aria-invalid=\"false\" placeholder=\"Completeaz\u0103 informa\u021biile aici\" value=\"\" type=\"text\" name=\"text-i-participated\" \/><\/span>\n            <\/div>\n        <\/div>\n        <\/div>\n        <div class='form_row_radio'><span class=\"wpcf7-form-control-wrap\" data-name=\"radio-regarding\"><span class=\"wpcf7-form-control wpcf7-radio radio_buttons\"><span class=\"wpcf7-list-item first last\"><label><input type=\"radio\" name=\"radio-regarding\" value=\"O situa\u021bie care mi s-a \u00eent\u00e2mplat \u00een afara activit\u0103\u021bilor UiPath Foundation\" \/><span class=\"wpcf7-list-item-label\">O situa\u021bie care mi s-a \u00eent\u00e2mplat \u00een afara activit\u0103\u021bilor UiPath Foundation<\/span><\/label><\/span><\/span><\/span><\/div>\n        <div data-id=\"group-input-two\" data-orig_data_id=\"group-input-two\" data-clear_on_hide class=\"\" data-class=\"wpcf7cf_group\">\n        <div class='form_group padding_left'>\n            <div class='form_row_description'>\n                <div class='description'>Unde s-a \u00eent\u00e2mplat:<\/div>    \n            <\/div>\n            <div class='form_row_input'>\n                <span class=\"wpcf7-form-control-wrap\" data-name=\"text-to-me-outside\"><input size=\"40\" maxlength=\"400\" class=\"wpcf7-form-control wpcf7-text form_input\" aria-invalid=\"false\" placeholder=\"Completeaz\u0103 informa\u021biile aici\" value=\"\" type=\"text\" name=\"text-to-me-outside\" \/><\/span>\n            <\/div>\n        <\/div>\n        <\/div>\n        <div class='form_row_radio'><span class=\"wpcf7-form-control-wrap\" data-name=\"radio-regarding\"><span class=\"wpcf7-form-control wpcf7-radio radio_buttons\"><span class=\"wpcf7-list-item first last\"><label><input type=\"radio\" name=\"radio-regarding\" value=\"O situa\u021bie care i s-a \u00eent\u00e2mplat altcuiva\" \/><span class=\"wpcf7-list-item-label\">O situa\u021bie care i s-a \u00eent\u00e2mplat altcuiva<\/span><\/label><\/span><\/span><\/span><\/div>\n        <div data-id=\"group-input-three\" data-orig_data_id=\"group-input-three\" data-clear_on_hide class=\"\" data-class=\"wpcf7cf_group\">\n        <div class='form_group padding_left'>\n            <div class='form_row_description'>\n                <div class='description'>D\u0103-ne c\u00e2teva detalii despre ce s-a \u00eent\u00e2mplat:<\/div>    \n            <\/div>\n            <div class='form_row_textarea'>\n                <span class=\"wpcf7-form-control-wrap\" data-name=\"text-somebodyelse\"><textarea cols=\"40\" rows=\"10\" maxlength=\"2000\" class=\"wpcf7-form-control wpcf7-textarea form_input\" aria-invalid=\"false\" placeholder=\"Completeaz\u0103 informa\u021biile aici\" name=\"text-somebodyelse\"><\/textarea><\/span>\n            <\/div>\n        <\/div>\n        <\/div>\n       \n    <\/div>\n<\/div>\n<div class='form_row_middle'>\n    <div class='form_row'>\n        <div class='form_row_description'>\n            <div class='form_row_heading less_margin_bottom'>Ce s-a \u00eent\u00e2mplat?<\/div>\n            <div class='description'>Descrie ce s-a \u00eent\u00e2mplat cu propriile tale cuvinte, dup\u0103 cum \u00ee\u021bi aminte\u0219ti. Numele persoanei, c\u00e2nd \u0219i unde s-a \u00eent\u00e2mplat. Te rug\u0103m s\u0103 ne dai toate detaliile care \u00ee\u021bi vin \u00een minte, chiar \u0219i cele mai mici. Este important pentru noi s\u0103 avem toate piesele de puzzle \u0219i s\u0103 le potrivim \u00een a\u0219a fel \u00eenc\u00e2t s\u0103 te ajut\u0103m c\u00e2t mai mult.<\/div>   \n        <\/div>\n\n\n        <div class='form_row_textarea'>\n            <div class='form_group'>\n                <span class='input_heading'>Ce s-a \u00eent\u00e2mplat?<\/span>\n                <span class=\"wpcf7-form-control-wrap\" data-name=\"textarea-whathappend\"><textarea cols=\"40\" rows=\"10\" maxlength=\"2000\" class=\"wpcf7-form-control wpcf7-textarea form_textarea\" aria-invalid=\"false\" placeholder=\"Completeaz\u0103 informa\u021biile aici\" name=\"textarea-whathappend\"><\/textarea><\/span>\n            <\/div>\n        <\/div>\n    <\/div>\n<\/div>\n<div class='form_row_middle'>\n    <div class='form_row'>\n        <div class='form_row_description'>\n            <div class='form_row_heading less_margin_bottom'>E\u0219ti sigur c\u0103 asta-i tot?<\/div>\n            <div class='description'>Acesta este un loc sigur, ne po\u021bi spune orice lucru care te \u00eengrijoreaz\u0103. Dac\u0103 nu mai sunt complet\u0103ri, po\u021bi scrie pur \u0219i simplu: \u201eNu mai am nimic de ad\u0103ugat\u201d.<\/div>    \n        <\/div>\n        <div class='form_row_textarea'>\n            <div class='form_group'>\n                <span class='input_heading'>Ad\u0103uga\u021bi mai multe detalii, dac\u0103 dori\u021bi<\/span>\n                <span class=\"wpcf7-form-control-wrap\" data-name=\"textarea-whathappendmore\"><textarea cols=\"40\" rows=\"10\" maxlength=\"2000\" class=\"wpcf7-form-control wpcf7-textarea form_textarea\" aria-invalid=\"false\" placeholder=\"Completeaz\u0103 informa\u021biile aici\" name=\"textarea-whathappendmore\"><\/textarea><\/span>\n            <\/div>\n        <\/div>\n    <\/div>\n<\/div>\n<div class='form_row_middle'>\n    <div class='form_row more_margin_bottom'>\n        <div class='form_row_heading'>Date de contact<\/div>\n        <div class='form_row_checkbox'>\n            <div class='form_group'>\n            <span class=\"wpcf7-form-control-wrap\" data-name=\"checkbox-contactdetails\"><span class=\"wpcf7-form-control wpcf7-checkbox form_checkbox\"><span class=\"wpcf7-list-item first last\"><label><input type=\"checkbox\" name=\"checkbox-contactdetails[]\" value=\"Vreau s\u0103 r\u0103m\u00e2n anonim\" \/><span class=\"wpcf7-list-item-label\">Vreau s\u0103 r\u0103m\u00e2n anonim<\/span><\/label><\/span><\/span><\/span>\n            <\/div>\n        <\/div>\n    <\/div>\n    <div data-id=\"group-anonim\" data-orig_data_id=\"group-anonim\" data-clear_on_hide class=\"\" data-class=\"wpcf7cf_group\">\n    <div class='form_row two_cols'>\n        <div class='form_row_left'>\n            <div class='form_group'>\n                <span class='input_heading'>Numele t\u0103u<\/span>\n                <span class=\"wpcf7-form-control-wrap\" data-name=\"text-yourname\"><input size=\"40\" maxlength=\"400\" class=\"wpcf7-form-control wpcf7-text wpcf7-validates-as-required form_input\" aria-required=\"true\" aria-invalid=\"false\" placeholder=\"Numele t\u0103u\" value=\"\" type=\"text\" name=\"text-yourname\" \/><\/span>\n            <\/div>\n        <\/div>\n        <div class='form_row_right'>\n            <div class='form_group'>\n                <span class='input_heading'>Num\u0103rul t\u0103u de telefon<\/span>\n                <span class=\"wpcf7-form-control-wrap\" data-name=\"tel-phonenumber\"><input size=\"40\" maxlength=\"400\" class=\"wpcf7-form-control wpcf7-tel wpcf7-validates-as-required wpcf7-text wpcf7-validates-as-tel form_input\" aria-required=\"true\" aria-invalid=\"false\" placeholder=\"Num\u0103rul t\u0103u de telefon\" value=\"\" type=\"tel\" name=\"tel-phonenumber\" \/><\/span>\n            <\/div>\n        <\/div>\n    <\/div>\n    <div class='form_row'>\n        <div class='form_group'>\n            <span class='input_heading'>Adresa ta de e-mail<\/span>\n            <span class=\"wpcf7-form-control-wrap\" data-name=\"email-youremail\"><input size=\"40\" maxlength=\"400\" class=\"wpcf7-form-control wpcf7-email wpcf7-validates-as-required wpcf7-text wpcf7-validates-as-email form_input\" aria-required=\"true\" aria-invalid=\"false\" placeholder=\"Adresa ta de e-mail\" value=\"\" type=\"email\" name=\"email-youremail\" \/><\/span>\n        <\/div>\n    <\/div>\n    <\/div>\n<\/div>\n<div class='form_row_bottom'>\n    <div class='form_row'>\n        <div class='form_row_description'>\n            <div class='form_row_heading'>Bine de \u0219tiut:<\/div>\n            <div class='description bigger'>Totul este confiden\u021bial. Nimeni nu va \u0219ti \u00een afar\u0103 de tine \u0219i de dou\u0103 persoane de la UiPath Foundation, responsabile cu protejarea \u0219i siguran\u021ba copilului. Nimeni altcineva.<\/div>   \n        <\/div>\n    <\/div>\n    <div class='form_row'>\n        <div class='form_group acc_field'>\n            <span class=\"wpcf7-form-control-wrap\" data-name=\"acceptance-pointsabove\"><span class=\"wpcf7-form-control wpcf7-acceptance optional\"><span class=\"wpcf7-list-item\"><label><input type=\"checkbox\" name=\"acceptance-pointsabove\" value=\"1\" aria-invalid=\"false\" \/><span class=\"wpcf7-list-item-label\">Am \u00een\u021beles punctele de mai sus \u0219i sunt ok cu ele.<\/span><\/label><\/span><\/span><\/span>\n        <\/div>\n        <div class='form_group acc_field'>\n            <span class=\"wpcf7-form-control-wrap\" data-name=\"acceptance-terms\"><span class=\"wpcf7-form-control wpcf7-acceptance optional\"><span class=\"wpcf7-list-item\"><label><input type=\"checkbox\" name=\"acceptance-terms\" value=\"1\" aria-invalid=\"false\" \/><span class=\"wpcf7-list-item-label\">Am \u00een\u021beles punctele din <a href=\"https:\/\/uipathfoundation.com\/ro\/politicile-noastre\/politica-de-confidentialitate\/\" target=\"_blank\">Politica de Confiden\u021bialitate<\/a> \u0219i sunt de acord cu ele.<\/span><\/label><\/span><\/span><\/span>\n        <\/div>\n\n    <\/div>\n    <div class='form_row'>\n        <div class='form_group form_submit'>\n            <input class=\"wpcf7-form-control wpcf7-submit has-spinner input_submit\" type=\"submit\" value=\"Trimite\" \/>\n        <\/div>\n    <\/div>\n<\/div><div class=\"wpcf7-response-output\" aria-hidden=\"true\"><\/div>\n<\/form>\n<\/div>\n\t\t\t\t\t\t<\/div>\r\n\t\t\t\t\t<\/div>\r\n\t\t\t\t\t<div class='reporting_thank_you' id='thank_you_message' style='display:none;'>\r\n\t\t\t\t\t\t<div class='reporting_thank_you_heading'>\r\n\t\t\t\t\t\t\tMul\u021bumim c\u0103 ai sesizat un incident!\t\t\t\t\t\t<\/div>\r\n\t\t\t\t\t\t<div class='reporting_thank_you_desc'>\r\n\t\t\t\t\t\t\t<p>Pe m\u0103sur\u0103 ce echipa noastr\u0103 de protec\u021bie a copiilor investigheaz\u0103 incidentul, este posibil s\u0103 v\u0103 contact\u0103m pentru a aduna mai multe date sau pentru a raporta rezultatele investiga\u021biei noastre.<\/p>\n\t\t\t\t\t\t<\/div>\r\n\t\t\t\t\t<\/div>\r\n\t\t\t\t<\/div>\r\n\t\t\t\t<div class='child_reportingmechanism_bg_right'><\/div>\r\n\t\t\t<\/div>\r\n\r\n\t\t<\/div>\r\n\t<\/div>\r\n<\/section>\r\n\r\n\r\n","protected":false},"excerpt":{"rendered":"","protected":false},"author":1,"featured_media":0,"parent":2526,"menu_order":0,"comment_status":"closed","ping_status":"closed","template":"","meta":{"_acf_changed":false,"footnotes":""},"class_list":["post-5724","page","type-page","status-publish","hentry"],"acf":[],"yoast_head":"<!-- This site is optimized with the Yoast SEO Premium plugin v25.9 (Yoast SEO v25.9) - https:\/\/yoast.com\/wordpress\/plugins\/seo\/ -->\n<title>Mecanism de raportare pentru copii | UiPath Foundation<\/title>\n<meta name=\"robots\" content=\"index, follow, max-snippet:-1, max-image-preview:large, max-video-preview:-1\" \/>\n<link rel=\"canonical\" href=\"https:\/\/uipathfoundation.com\/ro\/politica-protejarea-siguranta-copiilor\/mecanism-raportare-copil\/\" \/>\n<meta property=\"og:locale\" content=\"ro_RO\" \/>\n<meta property=\"og:type\" content=\"article\" \/>\n<meta property=\"og:title\" content=\"Mecanism de raportare pentru copii\" \/>\n<meta property=\"og:url\" content=\"https:\/\/uipathfoundation.com\/ro\/politica-protejarea-siguranta-copiilor\/mecanism-raportare-copil\/\" \/>\n<meta property=\"og:site_name\" content=\"UiPath Foundation\" \/>\n<meta property=\"article:publisher\" content=\"https:\/\/www.facebook.com\/UiPathFoundation\" \/>\n<meta property=\"article:modified_time\" content=\"2025-10-20T16:08:12+00:00\" \/>\n<meta property=\"og:image\" content=\"https:\/\/uipathfoundation.com\/wp-content\/uploads\/2025\/05\/1_link-preview-homepage.png\" \/>\n\t<meta property=\"og:image:width\" content=\"525\" \/>\n\t<meta property=\"og:image:height\" content=\"275\" \/>\n\t<meta property=\"og:image:type\" content=\"image\/png\" \/>\n<meta name=\"twitter:card\" content=\"summary_large_image\" \/>\n<script type=\"application\/ld+json\" class=\"yoast-schema-graph\">{\"@context\":\"https:\/\/schema.org\",\"@graph\":[{\"@type\":\"WebPage\",\"@id\":\"https:\/\/uipathfoundation.com\/ro\/politica-protejarea-siguranta-copiilor\/mecanism-raportare-copil\/\",\"url\":\"https:\/\/uipathfoundation.com\/ro\/politica-protejarea-siguranta-copiilor\/mecanism-raportare-copil\/\",\"name\":\"Mecanism de raportare pentru copii | UiPath Foundation\",\"isPartOf\":{\"@id\":\"https:\/\/uipathfoundation.com\/ro\/#website\"},\"datePublished\":\"2025-03-18T09:09:38+00:00\",\"dateModified\":\"2025-10-20T16:08:12+00:00\",\"breadcrumb\":{\"@id\":\"https:\/\/uipathfoundation.com\/ro\/politica-protejarea-siguranta-copiilor\/mecanism-raportare-copil\/#breadcrumb\"},\"inLanguage\":\"ro-RO\",\"potentialAction\":[{\"@type\":\"ReadAction\",\"target\":[\"https:\/\/uipathfoundation.com\/ro\/politica-protejarea-siguranta-copiilor\/mecanism-raportare-copil\/\"]}]},{\"@type\":\"BreadcrumbList\",\"@id\":\"https:\/\/uipathfoundation.com\/ro\/politica-protejarea-siguranta-copiilor\/mecanism-raportare-copil\/#breadcrumb\",\"itemListElement\":[{\"@type\":\"ListItem\",\"position\":1,\"name\":\"Home\",\"item\":\"https:\/\/uipathfoundation.com\/ro\/home\/\"},{\"@type\":\"ListItem\",\"position\":2,\"name\":\"Politica privind protejarea \u0219i siguran\u021ba copilului\",\"item\":\"https:\/\/uipathfoundation.com\/ro\/politica-protejarea-siguranta-copiilor\/\"},{\"@type\":\"ListItem\",\"position\":3,\"name\":\"Mecanism de raportare pentru copii\"}]},{\"@type\":\"WebSite\",\"@id\":\"https:\/\/uipathfoundation.com\/ro\/#website\",\"url\":\"https:\/\/uipathfoundation.com\/ro\/\",\"name\":\"UiPath Foundation\",\"description\":\"\",\"publisher\":{\"@id\":\"https:\/\/uipathfoundation.com\/ro\/#organization\"},\"potentialAction\":[{\"@type\":\"SearchAction\",\"target\":{\"@type\":\"EntryPoint\",\"urlTemplate\":\"https:\/\/uipathfoundation.com\/ro\/?s={search_term_string}\"},\"query-input\":{\"@type\":\"PropertyValueSpecification\",\"valueRequired\":true,\"valueName\":\"search_term_string\"}}],\"inLanguage\":\"ro-RO\"},{\"@type\":\"Organization\",\"@id\":\"https:\/\/uipathfoundation.com\/ro\/#organization\",\"name\":\"UiPath Foundation\",\"url\":\"https:\/\/uipathfoundation.com\/ro\/\",\"logo\":{\"@type\":\"ImageObject\",\"inLanguage\":\"ro-RO\",\"@id\":\"https:\/\/uipathfoundation.com\/ro\/#\/schema\/logo\/image\/\",\"url\":\"https:\/\/uipathfoundation.com\/wp-content\/uploads\/2025\/05\/Foundation_logo_RGB-scaled.png\",\"contentUrl\":\"https:\/\/uipathfoundation.com\/wp-content\/uploads\/2025\/05\/Foundation_logo_RGB-scaled.png\",\"width\":2048,\"height\":843,\"caption\":\"UiPath Foundation\"},\"image\":{\"@id\":\"https:\/\/uipathfoundation.com\/ro\/#\/schema\/logo\/image\/\"},\"sameAs\":[\"https:\/\/www.facebook.com\/UiPathFoundation\",\"https:\/\/www.instagram.com\/uipathfoundation\/\",\"https:\/\/www.linkedin.com\/company\/28918457\/admin\/feed\/posts\/\"],\"publishingPrinciples\":\"https:\/\/uipathfoundation.com\/ro\/cine-suntem\/cum-lucram\/valori\/\"}]}<\/script>\n<!-- \/ Yoast SEO Premium plugin. -->","yoast_head_json":{"title":"Mecanism de raportare pentru copii | UiPath Foundation","robots":{"index":"index","follow":"follow","max-snippet":"max-snippet:-1","max-image-preview":"max-image-preview:large","max-video-preview":"max-video-preview:-1"},"canonical":"https:\/\/uipathfoundation.com\/ro\/politica-protejarea-siguranta-copiilor\/mecanism-raportare-copil\/","og_locale":"ro_RO","og_type":"article","og_title":"Mecanism de raportare pentru copii","og_url":"https:\/\/uipathfoundation.com\/ro\/politica-protejarea-siguranta-copiilor\/mecanism-raportare-copil\/","og_site_name":"UiPath Foundation","article_publisher":"https:\/\/www.facebook.com\/UiPathFoundation","article_modified_time":"2025-10-20T16:08:12+00:00","og_image":[{"width":525,"height":275,"url":"https:\/\/uipathfoundation.com\/wp-content\/uploads\/2025\/05\/1_link-preview-homepage.png","type":"image\/png"}],"twitter_card":"summary_large_image","schema":{"@context":"https:\/\/schema.org","@graph":[{"@type":"WebPage","@id":"https:\/\/uipathfoundation.com\/ro\/politica-protejarea-siguranta-copiilor\/mecanism-raportare-copil\/","url":"https:\/\/uipathfoundation.com\/ro\/politica-protejarea-siguranta-copiilor\/mecanism-raportare-copil\/","name":"Mecanism de raportare pentru copii | UiPath Foundation","isPartOf":{"@id":"https:\/\/uipathfoundation.com\/ro\/#website"},"datePublished":"2025-03-18T09:09:38+00:00","dateModified":"2025-10-20T16:08:12+00:00","breadcrumb":{"@id":"https:\/\/uipathfoundation.com\/ro\/politica-protejarea-siguranta-copiilor\/mecanism-raportare-copil\/#breadcrumb"},"inLanguage":"ro-RO","potentialAction":[{"@type":"ReadAction","target":["https:\/\/uipathfoundation.com\/ro\/politica-protejarea-siguranta-copiilor\/mecanism-raportare-copil\/"]}]},{"@type":"BreadcrumbList","@id":"https:\/\/uipathfoundation.com\/ro\/politica-protejarea-siguranta-copiilor\/mecanism-raportare-copil\/#breadcrumb","itemListElement":[{"@type":"ListItem","position":1,"name":"Home","item":"https:\/\/uipathfoundation.com\/ro\/home\/"},{"@type":"ListItem","position":2,"name":"Politica privind protejarea \u0219i siguran\u021ba copilului","item":"https:\/\/uipathfoundation.com\/ro\/politica-protejarea-siguranta-copiilor\/"},{"@type":"ListItem","position":3,"name":"Mecanism de raportare pentru copii"}]},{"@type":"WebSite","@id":"https:\/\/uipathfoundation.com\/ro\/#website","url":"https:\/\/uipathfoundation.com\/ro\/","name":"UiPath Foundation","description":"","publisher":{"@id":"https:\/\/uipathfoundation.com\/ro\/#organization"},"potentialAction":[{"@type":"SearchAction","target":{"@type":"EntryPoint","urlTemplate":"https:\/\/uipathfoundation.com\/ro\/?s={search_term_string}"},"query-input":{"@type":"PropertyValueSpecification","valueRequired":true,"valueName":"search_term_string"}}],"inLanguage":"ro-RO"},{"@type":"Organization","@id":"https:\/\/uipathfoundation.com\/ro\/#organization","name":"UiPath Foundation","url":"https:\/\/uipathfoundation.com\/ro\/","logo":{"@type":"ImageObject","inLanguage":"ro-RO","@id":"https:\/\/uipathfoundation.com\/ro\/#\/schema\/logo\/image\/","url":"https:\/\/uipathfoundation.com\/wp-content\/uploads\/2025\/05\/Foundation_logo_RGB-scaled.png","contentUrl":"https:\/\/uipathfoundation.com\/wp-content\/uploads\/2025\/05\/Foundation_logo_RGB-scaled.png","width":2048,"height":843,"caption":"UiPath Foundation"},"image":{"@id":"https:\/\/uipathfoundation.com\/ro\/#\/schema\/logo\/image\/"},"sameAs":["https:\/\/www.facebook.com\/UiPathFoundation","https:\/\/www.instagram.com\/uipathfoundation\/","https:\/\/www.linkedin.com\/company\/28918457\/admin\/feed\/posts\/"],"publishingPrinciples":"https:\/\/uipathfoundation.com\/ro\/cine-suntem\/cum-lucram\/valori\/"}]}},"_links":{"self":[{"href":"https:\/\/uipathfoundation.com\/ro\/wp-json\/wp\/v2\/pages\/5724","targetHints":{"allow":["GET"]}}],"collection":[{"href":"https:\/\/uipathfoundation.com\/ro\/wp-json\/wp\/v2\/pages"}],"about":[{"href":"https:\/\/uipathfoundation.com\/ro\/wp-json\/wp\/v2\/types\/page"}],"author":[{"embeddable":true,"href":"https:\/\/uipathfoundation.com\/ro\/wp-json\/wp\/v2\/users\/1"}],"replies":[{"embeddable":true,"href":"https:\/\/uipathfoundation.com\/ro\/wp-json\/wp\/v2\/comments?post=5724"}],"version-history":[{"count":0,"href":"https:\/\/uipathfoundation.com\/ro\/wp-json\/wp\/v2\/pages\/5724\/revisions"}],"up":[{"embeddable":true,"href":"https:\/\/uipathfoundation.com\/ro\/wp-json\/wp\/v2\/pages\/2526"}],"wp:attachment":[{"href":"https:\/\/uipathfoundation.com\/ro\/wp-json\/wp\/v2\/media?parent=5724"}],"curies":[{"name":"wp","href":"https:\/\/api.w.org\/{rel}","templated":true}]}}