{"id":9805,"date":"2025-09-08T12:28:19","date_gmt":"2025-09-08T12:28:19","guid":{"rendered":"https:\/\/uipathfoundation.com\/?page_id=9805"},"modified":"2025-09-08T18:34:39","modified_gmt":"2025-09-08T18:34:39","slug":"raport-anual-2019","status":"publish","type":"page","link":"https:\/\/uipathfoundation.com\/ro\/raport-anual-2019\/","title":{"rendered":"Raport anual 2019"},"content":{"rendered":"\r\n<section class='hero_block  block_b7e890baf110afb47753a25d20537211'>\r\n\t\t<div class='main_hero'>\r\n\t\t<div class='inner_wrp'>\r\n\r\n\t\t\t\r\n\t\t\t\r\n\t\t\t\r\n\t\t\t\t\t\t<!-- HERO STYLE 4 - Homepage -->\r\n\t\t\t<div class='hero_type hero_type_4'>\r\n\t\t\t\t<div class='hero_left hero_image' >\r\n\t\t\t\t\t\t\t\t\t\t\t<img loading=\"lazy\" decoding=\"async\" width=\"1401\" height=\"491\" src=\"https:\/\/uipathfoundation.com\/wp-content\/uploads\/2025\/09\/hero-AR-2019.png\" class=\"attachment-full size-full\" alt=\"\" srcset=\"https:\/\/uipathfoundation.com\/wp-content\/uploads\/2025\/09\/hero-AR-2019.png 1401w, https:\/\/uipathfoundation.com\/wp-content\/uploads\/2025\/09\/hero-AR-2019-300x105.png 300w, https:\/\/uipathfoundation.com\/wp-content\/uploads\/2025\/09\/hero-AR-2019-1024x359.png 1024w, https:\/\/uipathfoundation.com\/wp-content\/uploads\/2025\/09\/hero-AR-2019-768x269.png 768w\" sizes=\"auto, (max-width: 1401px) 100vw, 1401px\" \/>\t\t\t\t\t\t\t\t\t\t<div class='hero_image_mobile'>\r\n\t\t\t\t\t\t\t\t\t\t\t\t\t<img loading=\"lazy\" decoding=\"async\" width=\"601\" height=\"351\" src=\"https:\/\/uipathfoundation.com\/wp-content\/uploads\/2025\/09\/hero-AR-2019-mobile.png\" class=\"attachment-full size-full\" alt=\"\" srcset=\"https:\/\/uipathfoundation.com\/wp-content\/uploads\/2025\/09\/hero-AR-2019-mobile.png 601w, https:\/\/uipathfoundation.com\/wp-content\/uploads\/2025\/09\/hero-AR-2019-mobile-300x175.png 300w\" sizes=\"auto, (max-width: 601px) 100vw, 601px\" \/>\t\t\t\t\t\t\t\t\t\t\t<\/div>\r\n\t\t\t\t\t<div class='hero_left_abs desk'>\r\n\t\t\t\t\t\t\t\t\t\t\t\t\t\t\t\t\t\t\t<h2 style='font-size:48px; color:#000'>Raport anual 2019<\/h2>\r\n\t\t\t\t\t\t\t\t\t\t\t<\/div>\r\n\t\t\t\t\t<div class='hero_left_abs mob' >\r\n\t\t\t\t\t\t\t\t\t\t\t\t\t\t\t\t\t\t\t<h2 >Raport anual 2019<\/h2>\r\n\t\t\t\t\t\t\t\t\t\t\t<\/div>\r\n\t\t\t\t<\/div>\r\n\t\t\t\t<div class='hero_right hero_abs_right'>\r\n\t\t\t\t\t\r\n\t\t\t\t\t\t\t\t\t\t\t\t<div class='hero_box hero_box_donate box_type_orange'>\r\n\t\t\t\t\t\t\t\t<div class='hero_b_donate hero_box_donate_link' >\r\n\t\t\t\t\t\t\t\t\t\r\n\t\t\t\t\t\t                <a href=\"https:\/\/uipathfoundation.com\/ro\/sustine-ne\/doneaza-acum\/\" class='donate_open_tab' title=\"Doneaz\u0103 acum\">\r\n\t\t\t\t\t\t                    <span class='href_text'>Doneaz\u0103 acum<\/span>\r\n\t\t\t\t\t\t                    <span class='donate_ico icon-arrow_left'><\/span>\r\n\t\t\t\t\t\t               <\/a>\r\n\t\t\t\t\t\t            \r\n\t\t\t\t\t\t\t\t\t\r\n\t\t\t\t\t\t\t\t<\/div>\r\n\t\t\t\t\t\t\t\t<div class='hero_box_donate_desc'>\r\n\t\t\t\t\t\t\t\t\t<h3>Sus\u021bine-ne<\/h3>\r\n\t\t\t\t\t\t\t\t<\/div>\r\n\t\t\t\t\t\t\t<\/div>\r\n\t\t\t\t\t\t\t\r\n\t\t\t\t\t\t        <div class=\"donate_popup_layer\" style=\"display: none;\">\r\n\t\t\t\t\t\t            <div class=\"donate_popup_inner\">\r\n\t\t\t\t\t\t            \t<div class='donate_popup_inner_close'>\r\n\t\t\t\t\t            \t\t\t<a href=\"#\" title=\"Close Popup\" class='donate_popup_close' >\r\n\t\t\t\t\t\t\t\t\t\t\t\t<span class=\"href_text\">Close<\/span>\r\n\t\t\t\t\t\t\t\t\t\t\t\t<span class=\"icon-close\"><\/span>\r\n\t\t\t\t\t\t\t\t\t\t\t<\/a>\r\n\t\t\t\t\t\t            \t<\/div>\r\n\t\t\t\t\t\t                \n<form class=\"donation-form\" data-form-id=\"donation_ajax_1\" method=\"post\">\n  <div class='widget_donation_block'>\n    <div class='step_content' id='step1'>\n      <div class='step_top_counters'>\n        <div class='steps'>\n          <span>Pasul<\/span>\n          <ul>\n            <li class='active'>1<\/li>\n            <li>2<\/li>\n            <li>3<\/li>\n          <\/ul>\n        <\/div>\n      <\/div>\n      <div class='step_middle'>\n        <div class='step_left_image'>\n          <span class=\"icon-trash disabled\"><\/span>\n          <div class='img'>\n            <img src='https:\/\/uipathfoundation.com\/wp-content\/plugins\/netopia-donation-plugin\/assets\/css\/card_image.png' \/>\n          <\/div> \n          <div class='amount_selected'>\n            <div class='sel_am_text'><span>Valoarea dona\u021biei<\/span><\/div>\n            <div class='sel_am_value'>\n              <span class='no_ammount'>Selecteaz\u0103 suma<\/span>\n              <span class='add_ammount'>50 Ron<\/span>\n            <\/div>\n          <\/div>\n        <\/div>\n        <div class='step_right_cont'>\n          <div class='widget_heading'>Schimbarea \u00eencepe cu tine<\/div>\n          <div class='amount_wrp'>\n            <div class='list-item'>\n              <label>\n                <div class='radio_wrp'>\n                  <input type=\"radio\" name=\"amount\" value=\"50\">\n                  <span class=\"checkmark\"><\/span>\n                <\/div>\n                <span class='list-item-label'> 50 RON<\/span>\n              <\/label>\n            <\/div>\n            <div class='list-item'>\n              <label>\n                <div class='radio_wrp'>\n                  <input type=\"radio\" name=\"amount\" value=\"100\">\n                  <span class=\"checkmark\"><\/span>\n                <\/div>\n                <span class='list-item-label'> 100 RON<\/span>\n              <\/label>\n            <\/div>\n            <div class='list-item'>\n              <label>\n                <div class='radio_wrp'>\n                  <input type=\"radio\" name=\"amount\" value=\"500\">\n                  <span class=\"checkmark\"><\/span>\n                <\/div>\n                <span class='list-item-label'> 500 RON<\/span>\n              <\/label>\n            <\/div>\n          <\/div>\n          <div class='amount_other_wrp'>\n            <div class='amount_input_holder'>\n              <input type=\"text\" name=\"amount_other\" placeholder=\"Alta sum\u0103\">\n            <\/div>\n            <div class='plus_sign'>+<\/div>\n          <\/div>\n          <div class='widget_input_row donation_type'>\n            <div class='row_label'>*Tipul dona\u021biei<\/div>\n            <div class='donation_type_wrp'>\n              <div class='list-item'>\n                <label>\n                  <div class='radio_wrp'>\n                    <input type=\"radio\" name=\"donation_type\" value=\"one_time\" checked> \n                    <span class=\"checkmark\"><\/span>\n                  <\/div>\n                  <span class='list-item-label'> O data<\/span>\n                <\/label>\n              <\/div>\n              <div class='list-item'>\n                <label>\n                  <div class='radio_wrp'>\n                    <input type=\"radio\" name=\"donation_type\" value=\"monthly\" >\n                    <span class=\"checkmark\"><\/span>\n                  <\/div>\n                  <span class='list-item-label'> Lunar<\/span>\n                <\/label>\n              <\/div>\n            <\/div>\n          <\/div>\n          \n          <button type=\"button\" class=\"next\">Pasul urm\u0103tor<\/button>\n        <\/div>\n      <\/div>\n    <\/div>\n\n    <div class='step_content' id=\"step2\" style=\"display:none;\">\n      <div class='step_top_counters'>\n        <div class='steps'>\n          <span>Pasul<\/span>\n          <ul>\n            <li class='back'>1<\/li>\n            <li class='active '>2<\/li>\n            <li>3<\/li>\n          <\/ul>\n        <\/div>\n        <div class='close back'>\n          <span class='close_text'>\u00cenapoi<\/span>\n          <span class=\"icon-chevron\"><\/span>\n        <\/div>\n      <\/div>\n      <div class='step_middle'>\n        <div class='step_left_image'> \n          <span class=\"icon-trash\"><\/span>\n          <div class='img'>\n            <img src='https:\/\/uipathfoundation.com\/wp-content\/plugins\/netopia-donation-plugin\/assets\/css\/card_image.png' \/>\n          <\/div>\n          <div class='amount_selected'>\n            <div class='sel_am_text'><span>Valoarea dona\u021biei<\/span><\/div>\n            <div class='sel_am_value'>\n              <span class='add_ammount db'>50 RON<\/span>\n            <\/div>\n          <\/div>\n        <\/div>\n        <div class='step_right_cont'> \n          <div class='widget_input_row'>\n            <div class='row_label'>*Prenume<\/div>\n            <div class='row_input'>\n              <input type=\"text\" name=\"name\" required placeholder='John'>\n            <\/div>\n          <\/div>\n          <div class='widget_input_row'>\n            <div class='row_label'>*Nume<\/div>\n            <div class='row_input'>\n              <input type=\"text\" name=\"last_name\" required placeholder='Doe'>\n            <\/div>\n          <\/div>\n          <div class='widget_input_row more_margin_bottom'>\n            <div class='row_label'>*Email<\/div>\n            <div class='row_input'>\n              <input type=\"email\" name=\"email\" required placeholder='john.doe@gmail.com'>\n            <\/div>\n          <\/div>\n          \n          <button type=\"button\" class=\"next margin_top_auto\">Pasul urm\u0103tor<\/button>\n        <\/div>\n      <\/div>\n    <\/div>\n\n    <div class='step_content' id=\"step3\" style=\"display:none;\">\n      <div class='step_top_counters'>\n        <div class='steps'>\n          <span>Pasul<\/span>\n          <ul> \n            <li class='back'>1<\/li>\n            <li class='back'>2<\/li>\n            <li class='active '>3<\/li>\n          <\/ul>\n        <\/div>\n\n        <div class='close back'>\n          <span class='close_text'>\u00cenapoi<\/span>\n          <span class=\"icon-chevron\"><\/span>\n        <\/div>\n      <\/div>\n      <div class='step_middle'>\n        <div class='step_left_image'>\n          <span class=\"icon-trash\"><\/span>\n          <div class='img'>\n            <img src='https:\/\/uipathfoundation.com\/wp-content\/plugins\/netopia-donation-plugin\/assets\/css\/card_image.png' \/>\n          <\/div>\n          <div class='amount_selected'>\n            <div class='sel_am_text'><span>Valoarea dona\u021biei<\/span><\/div>\n            <div class='sel_am_value'>\n              <span class='add_ammount db'>50 RON<\/span>\n            <\/div>\n          <\/div>\n        <\/div>\n        <div class='step_right_cont'>\n          <div class=\"phone-wrapper\">\n            <div class='widget_input_row'>\n              <div class='row_label'>\u021aara<\/div>\n              <div class=\"dropdown\" id=\"dropdown\">\n                  <img decoding=\"async\" src=\"https:\/\/hatscripts.github.io\/circle-flags\/flags\/ro.svg\" id=\"selected-flag\" alt=\"Flag\">\n                  <span id=\"selected-country\">Romania (+40)<\/span>\n                  <span class='toggle_drp'><span class=\"icon-chevron\"><\/span><\/span>\n              <\/div>\n              <div class=\"dropdown-list\" id=\"dropdownList\">\n                <input type=\"text\" id=\"countrySearch\" placeholder=\"Caut\u0103 \u021bar\u0103...\" class=\"dropdown-search\">\n              <\/div>\n            <\/div>\n            <div class='widget_input_row'>\n              <div class='row_label'>Telefon<\/div>\n              <div class='row_input'>\n                <input type=\"text\" name=\"phone\" id=\"phone\" placeholder=\"Telefon\">\n              <\/div>\n            <\/div>\n          <\/div>\n          <div class='widget_input_row donation_type checkbox_type'>\n            <div class='row_label'><\/div>\n            <div class='donation_type_wrp'>\n              <div class='list-item'>\n                <label>\n                  <div class='radio_wrp'>\n                    <input type=\"checkbox\" name=\"donation_receive_info\" value=\"true\"> \n                    <span class=\"checkmark\"><\/span>\n                  <\/div>\n                  <span class='list-item-label'> Doresc s\u0103 primesc informa\u021bii despre impactul dona\u021biei mele.<\/span>\n                <\/label>\n              <\/div>\n              <div class='list-item'>\n                <label>\n                  <div class='radio_wrp'>\n                    <input type=\"checkbox\" class=\"donation_agree_with\" name=\"donation_agree_with\" value=\"true\" >\n                    <span class=\"checkmark\"><\/span>\n                  <\/div>\n                  <span class='list-item-label'> Sunt de acord cu <a href=\"https:\/\/uipathfoundation.com\/ro\/politicile-noastre\/politica-de-confidentialitate\/\" target=\"_blank\">Politica de confiden\u021bialitate<\/a> \u0219i <a href=\"https:\/\/uipathfoundation.com\/ro\/politicile-noastre\/termeni-si-conditii\/\" target=\"_blank\">Termenii &#038; condi\u021biile<\/a>.<\/span>\n                <\/label>\n              <\/div>\n            <\/div>\n          <\/div>\n          \n          <button type=\"submit\" class='submit' disabled>Doneaz\u0103<\/button>\n        <\/div>\n      <\/div>\n    <\/div>\n  <\/div>\n  <div class='widget_donation_bottom'>\n    <!-- <p>*for tax deductions please go through <a href=\"https:\/\/romanianunitedfund.org\/uipath_the_future_acceleration_program\" target=\"_blank\">here<\/a><\/p> -->\n    <p><\/p>\n  <\/div>\n\n  <script src=\"https:\/\/www.google.com\/recaptcha\/api.js?render=6Lc5yjMrAAAAAEPuGVKwalj5V8IYnZKs4goQCnfv\"><\/script>\n  <script>\n  grecaptcha.ready(function() {\n      grecaptcha.execute('6Lc5yjMrAAAAAEPuGVKwalj5V8IYnZKs4goQCnfv', {action: 'donation_form_submit'}).then(function(token) {\n          \/\/ Add token to a hidden input to be submitted with the form\n          var recaptchaResponse = document.createElement('input');\n          recaptchaResponse.setAttribute('type', 'hidden');\n          recaptchaResponse.setAttribute('name', 'g-recaptcha-response');\n          recaptchaResponse.setAttribute('value', token);\n          document.querySelector('.donation-form').appendChild(recaptchaResponse);\n      });\n  });\n  <\/script>\n<\/form>\n\t\t\t\t\t\t            <\/div>\r\n\t\t\t\t\t\t        <\/div>\r\n\t\t\t\t\t\t   \r\n\t\t\t\t\t\t\t\t\t\t\t\r\n\t\t\t\t<\/div>\r\n\t\t\t<\/div>\r\n\t\t\t<!-- END HERO STYLE 4 - Homepage -->\r\n\t\t\t\r\n\t\t\t\t\t\t\r\n\r\n\r\n\t\t\t\r\n\t\t\t\r\n\r\n\t\t\t\r\n\t\t<\/div>\r\n\t<\/div>\r\n<\/section>\r\n     \r\n\n\n<section class='sectiontwocols_block block_a4a08a8005b90c37abb79a5454ce4de0'>\r\n\t\t<div class='main_sectiontwocols'>\r\n\t\t<div class='inner_wrp'>\r\n\t\t\t<div class='two_col_section type_66_33' style='background-color:#fff; padding:20px; '>\r\n\t\t\t\t\t\t\t\t\t\t\t\t<div class='section_col section_col_content sec_col_white align_center' style='background-color:#ffffff; min-height:330px;  '>\r\n\t\t\t\t\t\t\t\t\t\t                                \t\r\n\t                                \t\t                                \t\r\n\t\t                                \t\t\t                                \t\t<div class='sec_content_top_head'>\r\n\t\t                                \t\t\t<h4 class='medium_heading color_black'>\r\n\t\t                                \t\t\t\tUiPath Foundation lanseaz\u0103 Raportul anual pe 2019\t\t                                \t\t\t<\/h4>\r\n\t\t                                \t\t<\/div>\r\n\t\t                                \t\t\t\t\t\t\t\t\t\t\t\t\t\t\t<div class='sec_content'>\r\n\t\t\t\t\t\t\t\t\t\t\t\t\t\t\t\t\t\t\t\t                                \t\t<div class='sec_content desc_cont'>\r\n\t\t\t\t\t\t                                \t\t\t<p>Primul nostru an la UiPath Foundation ne-a \u00eenv\u0103\u021bat c\u0103 colaborarea este cheia unui impact pe termen lung. Parteneriatele cu organiza\u021bii non-profit locale \u0219i na\u021bionale, \u0219coli \u0219i institu\u021bii publice ne-au permis s\u0103 ajungem la copii din 4 jude\u021be din Rom\u00e2nia.<\/p>\n<p>Am pornit \u00eempreun\u0103 \u00eentr-o c\u0103l\u0103torie de \u00eenv\u0103\u021bare \u0219i \u00eentr-o misiune de a sprijini copiii s\u0103 ajung\u0103 la cea mai bun\u0103 versiune a lor. Cu instrumentele educa\u021bionale potrivite \u0219i cu sprijinul unui grup dedicat de voluntari, putem s\u0103 ne asigur\u0103m, \u00eempreun\u0103, c\u0103 to\u021bi copiii au acces egal la viitor.<\/p>\n<p>Suntem \u00eempreun\u0103 \u00een aceast\u0103 misiune!<\/p>\n\t\t\t\t\t\t                                \t\t<\/div>\r\n\t\t\t\t\t\t                                \t\t\t\t                                \t\t\t\t\r\n\t\t                                \t\t\t\t\t\t                    \t\t\t\t\t\t<\/div>\r\n\t\t                                \t\t\t\r\n\r\n\t                            \t\t\r\n\t                                \t\r\n\t                                                                <\/div>\r\n                                \t\t\t\t\t\t\r\n\t\t\t\t\t\t\t\r\n\t\t\t\t\t\t\t\r\n\t\t\t\t\t\t\t\r\n\t\t\t\t\t\t\t<div class='section_col section_col_bg' style='background-image:url(https:\/\/uipathfoundation.com\/wp-content\/uploads\/2025\/09\/icon-600px.png);'>\r\n\t\t\t\t\t\t\t<\/div>\r\n\t\t\t\t\t\t\t\t\t\t<\/div>\r\n\t\t\t\r\n\t\t<\/div>\r\n\t<\/div>\r\n<\/section>\r\n\r\n\r\n\n\n<section class='sectionnabuvideo_block block_ea7c8586b7a9429381f757cb627c642e' id='block_ea7c8586b7a9429381f757cb627c642e'>\r\n\t\t<div class='main_sectionnabuvideo'>\r\n\t\t<div class='inner_wrp'>\r\n\t\t\t<div class='nabu_video_wrp'>\r\n\t\t\t\t<div class='nabu_video_left' >\r\n\t\t\t\t\t\t\t\t\t\t\t\t\t\t\t\t\t\t\t\t\t<div class='content'>\r\n\t\t\t\t\t\t\t<p>O poveste despre acces egal la viitor<\/p>\n\t\t\t\t\t\t<\/div>\r\n\t\t\t\t\t\t\t\t\t<\/div>\r\n\t\t\t\t<div class='nabu_video_right'>\r\n\t\t\t\t\t\t\t\t\t\t<div class='video'>\r\n\t\t\t\t\t\t<iframe loading=\"lazy\" title=\"UiPath Foundation  english subtitle\" src=\"https:\/\/player.vimeo.com\/video\/428946346?h=b33f293c0b&amp;dnt=1&amp;app_id=122963\" width=\"640\" height=\"360\" frameborder=\"0\" allow=\"autoplay; fullscreen; picture-in-picture; clipboard-write; encrypted-media; web-share\" referrerpolicy=\"strict-origin-when-cross-origin\"><\/iframe>\t\t\t\t\t<\/div>\r\n\t\t\t\t\t\t\t\t\t<\/div>\r\n\t\t\t<\/div>\r\n\t\t<\/div>\r\n\t<\/div>\r\n<\/section>\r\n\r\n\r\n","protected":false},"excerpt":{"rendered":"","protected":false},"author":3,"featured_media":0,"parent":0,"menu_order":0,"comment_status":"closed","ping_status":"closed","template":"","meta":{"_acf_changed":false,"footnotes":""},"class_list":["post-9805","page","type-page","status-publish","hentry"],"acf":[],"yoast_head":"<!-- This site is optimized with the Yoast SEO Premium plugin v25.9 (Yoast SEO v25.9) - https:\/\/yoast.com\/wordpress\/plugins\/seo\/ -->\n<title>Raport anual 2019 | UiPath Foundation<\/title>\n<meta name=\"description\" content=\"\u00cen fiecare an, public\u0103m un Raport anual care detaliaz\u0103 evolu\u021bia interven\u021biei, impactul \u0219i nout\u0103\u021bile din programele noastre educa\u021bionale.\" \/>\n<meta name=\"robots\" content=\"index, follow, max-snippet:-1, max-image-preview:large, max-video-preview:-1\" \/>\n<link rel=\"canonical\" href=\"https:\/\/uipathfoundation.com\/ro\/raport-anual-2019\/\" \/>\n<meta property=\"og:locale\" content=\"ro_RO\" \/>\n<meta property=\"og:type\" content=\"article\" \/>\n<meta property=\"og:title\" content=\"Raport anual 2019 | UiPath Foundation\" \/>\n<meta property=\"og:description\" content=\"\u00cen fiecare an, public\u0103m un Raport anual care detaliaz\u0103 evolu\u021bia interven\u021biei, impactul \u0219i nout\u0103\u021bile din programele noastre educa\u021bionale.\" \/>\n<meta property=\"og:url\" content=\"https:\/\/uipathfoundation.com\/ro\/raport-anual-2019\/\" \/>\n<meta property=\"og:site_name\" content=\"UiPath Foundation\" \/>\n<meta property=\"article:publisher\" content=\"https:\/\/www.facebook.com\/UiPathFoundation\" \/>\n<meta property=\"article:modified_time\" content=\"2025-09-08T18:34:39+00:00\" \/>\n<meta property=\"og:image\" content=\"https:\/\/uipathfoundation.com\/wp-content\/uploads\/2025\/09\/link-preview-AR-2019-RO.png\" \/>\n\t<meta property=\"og:image:width\" content=\"525\" \/>\n\t<meta property=\"og:image:height\" content=\"275\" \/>\n\t<meta property=\"og:image:type\" content=\"image\/png\" \/>\n<meta name=\"twitter:card\" content=\"summary_large_image\" \/>\n<meta name=\"twitter:title\" content=\"Raport anual 2019\" \/>\n<script type=\"application\/ld+json\" class=\"yoast-schema-graph\">{\"@context\":\"https:\/\/schema.org\",\"@graph\":[{\"@type\":\"WebPage\",\"@id\":\"https:\/\/uipathfoundation.com\/ro\/raport-anual-2019\/\",\"url\":\"https:\/\/uipathfoundation.com\/ro\/raport-anual-2019\/\",\"name\":\"Raport anual 2019 | UiPath Foundation\",\"isPartOf\":{\"@id\":\"https:\/\/uipathfoundation.com\/ro\/#website\"},\"datePublished\":\"2025-09-08T12:28:19+00:00\",\"dateModified\":\"2025-09-08T18:34:39+00:00\",\"description\":\"\u00cen fiecare an, public\u0103m un Raport anual care detaliaz\u0103 evolu\u021bia interven\u021biei, impactul \u0219i nout\u0103\u021bile din programele noastre educa\u021bionale.\",\"breadcrumb\":{\"@id\":\"https:\/\/uipathfoundation.com\/ro\/raport-anual-2019\/#breadcrumb\"},\"inLanguage\":\"ro-RO\",\"potentialAction\":[{\"@type\":\"ReadAction\",\"target\":[\"https:\/\/uipathfoundation.com\/ro\/raport-anual-2019\/\"]}]},{\"@type\":\"BreadcrumbList\",\"@id\":\"https:\/\/uipathfoundation.com\/ro\/raport-anual-2019\/#breadcrumb\",\"itemListElement\":[{\"@type\":\"ListItem\",\"position\":1,\"name\":\"Home\",\"item\":\"https:\/\/uipathfoundation.com\/ro\/home\/\"},{\"@type\":\"ListItem\",\"position\":2,\"name\":\"Raport anual 2019\"}]},{\"@type\":\"WebSite\",\"@id\":\"https:\/\/uipathfoundation.com\/ro\/#website\",\"url\":\"https:\/\/uipathfoundation.com\/ro\/\",\"name\":\"UiPath Foundation\",\"description\":\"\",\"publisher\":{\"@id\":\"https:\/\/uipathfoundation.com\/ro\/#organization\"},\"potentialAction\":[{\"@type\":\"SearchAction\",\"target\":{\"@type\":\"EntryPoint\",\"urlTemplate\":\"https:\/\/uipathfoundation.com\/ro\/?s={search_term_string}\"},\"query-input\":{\"@type\":\"PropertyValueSpecification\",\"valueRequired\":true,\"valueName\":\"search_term_string\"}}],\"inLanguage\":\"ro-RO\"},{\"@type\":\"Organization\",\"@id\":\"https:\/\/uipathfoundation.com\/ro\/#organization\",\"name\":\"UiPath Foundation\",\"url\":\"https:\/\/uipathfoundation.com\/ro\/\",\"logo\":{\"@type\":\"ImageObject\",\"inLanguage\":\"ro-RO\",\"@id\":\"https:\/\/uipathfoundation.com\/ro\/#\/schema\/logo\/image\/\",\"url\":\"https:\/\/uipathfoundation.com\/wp-content\/uploads\/2025\/05\/Foundation_logo_RGB-scaled.png\",\"contentUrl\":\"https:\/\/uipathfoundation.com\/wp-content\/uploads\/2025\/05\/Foundation_logo_RGB-scaled.png\",\"width\":2048,\"height\":843,\"caption\":\"UiPath Foundation\"},\"image\":{\"@id\":\"https:\/\/uipathfoundation.com\/ro\/#\/schema\/logo\/image\/\"},\"sameAs\":[\"https:\/\/www.facebook.com\/UiPathFoundation\",\"https:\/\/www.instagram.com\/uipathfoundation\/\",\"https:\/\/www.linkedin.com\/company\/28918457\/admin\/feed\/posts\/\"],\"publishingPrinciples\":\"https:\/\/uipathfoundation.com\/ro\/cine-suntem\/cum-lucram\/valori\/\"}]}<\/script>\n<!-- \/ Yoast SEO Premium plugin. -->","yoast_head_json":{"title":"Raport anual 2019 | UiPath Foundation","description":"\u00cen fiecare an, public\u0103m un Raport anual care detaliaz\u0103 evolu\u021bia interven\u021biei, impactul \u0219i nout\u0103\u021bile din programele noastre educa\u021bionale.","robots":{"index":"index","follow":"follow","max-snippet":"max-snippet:-1","max-image-preview":"max-image-preview:large","max-video-preview":"max-video-preview:-1"},"canonical":"https:\/\/uipathfoundation.com\/ro\/raport-anual-2019\/","og_locale":"ro_RO","og_type":"article","og_title":"Raport anual 2019 | UiPath Foundation","og_description":"\u00cen fiecare an, public\u0103m un Raport anual care detaliaz\u0103 evolu\u021bia interven\u021biei, impactul \u0219i nout\u0103\u021bile din programele noastre educa\u021bionale.","og_url":"https:\/\/uipathfoundation.com\/ro\/raport-anual-2019\/","og_site_name":"UiPath Foundation","article_publisher":"https:\/\/www.facebook.com\/UiPathFoundation","article_modified_time":"2025-09-08T18:34:39+00:00","og_image":[{"width":525,"height":275,"url":"https:\/\/uipathfoundation.com\/wp-content\/uploads\/2025\/09\/link-preview-AR-2019-RO.png","type":"image\/png"}],"twitter_card":"summary_large_image","twitter_title":"Raport anual 2019","schema":{"@context":"https:\/\/schema.org","@graph":[{"@type":"WebPage","@id":"https:\/\/uipathfoundation.com\/ro\/raport-anual-2019\/","url":"https:\/\/uipathfoundation.com\/ro\/raport-anual-2019\/","name":"Raport anual 2019 | UiPath Foundation","isPartOf":{"@id":"https:\/\/uipathfoundation.com\/ro\/#website"},"datePublished":"2025-09-08T12:28:19+00:00","dateModified":"2025-09-08T18:34:39+00:00","description":"\u00cen fiecare an, public\u0103m un Raport anual care detaliaz\u0103 evolu\u021bia interven\u021biei, impactul \u0219i nout\u0103\u021bile din programele noastre educa\u021bionale.","breadcrumb":{"@id":"https:\/\/uipathfoundation.com\/ro\/raport-anual-2019\/#breadcrumb"},"inLanguage":"ro-RO","potentialAction":[{"@type":"ReadAction","target":["https:\/\/uipathfoundation.com\/ro\/raport-anual-2019\/"]}]},{"@type":"BreadcrumbList","@id":"https:\/\/uipathfoundation.com\/ro\/raport-anual-2019\/#breadcrumb","itemListElement":[{"@type":"ListItem","position":1,"name":"Home","item":"https:\/\/uipathfoundation.com\/ro\/home\/"},{"@type":"ListItem","position":2,"name":"Raport anual 2019"}]},{"@type":"WebSite","@id":"https:\/\/uipathfoundation.com\/ro\/#website","url":"https:\/\/uipathfoundation.com\/ro\/","name":"UiPath Foundation","description":"","publisher":{"@id":"https:\/\/uipathfoundation.com\/ro\/#organization"},"potentialAction":[{"@type":"SearchAction","target":{"@type":"EntryPoint","urlTemplate":"https:\/\/uipathfoundation.com\/ro\/?s={search_term_string}"},"query-input":{"@type":"PropertyValueSpecification","valueRequired":true,"valueName":"search_term_string"}}],"inLanguage":"ro-RO"},{"@type":"Organization","@id":"https:\/\/uipathfoundation.com\/ro\/#organization","name":"UiPath Foundation","url":"https:\/\/uipathfoundation.com\/ro\/","logo":{"@type":"ImageObject","inLanguage":"ro-RO","@id":"https:\/\/uipathfoundation.com\/ro\/#\/schema\/logo\/image\/","url":"https:\/\/uipathfoundation.com\/wp-content\/uploads\/2025\/05\/Foundation_logo_RGB-scaled.png","contentUrl":"https:\/\/uipathfoundation.com\/wp-content\/uploads\/2025\/05\/Foundation_logo_RGB-scaled.png","width":2048,"height":843,"caption":"UiPath Foundation"},"image":{"@id":"https:\/\/uipathfoundation.com\/ro\/#\/schema\/logo\/image\/"},"sameAs":["https:\/\/www.facebook.com\/UiPathFoundation","https:\/\/www.instagram.com\/uipathfoundation\/","https:\/\/www.linkedin.com\/company\/28918457\/admin\/feed\/posts\/"],"publishingPrinciples":"https:\/\/uipathfoundation.com\/ro\/cine-suntem\/cum-lucram\/valori\/"}]}},"_links":{"self":[{"href":"https:\/\/uipathfoundation.com\/ro\/wp-json\/wp\/v2\/pages\/9805","targetHints":{"allow":["GET"]}}],"collection":[{"href":"https:\/\/uipathfoundation.com\/ro\/wp-json\/wp\/v2\/pages"}],"about":[{"href":"https:\/\/uipathfoundation.com\/ro\/wp-json\/wp\/v2\/types\/page"}],"author":[{"embeddable":true,"href":"https:\/\/uipathfoundation.com\/ro\/wp-json\/wp\/v2\/users\/3"}],"replies":[{"embeddable":true,"href":"https:\/\/uipathfoundation.com\/ro\/wp-json\/wp\/v2\/comments?post=9805"}],"version-history":[{"count":0,"href":"https:\/\/uipathfoundation.com\/ro\/wp-json\/wp\/v2\/pages\/9805\/revisions"}],"wp:attachment":[{"href":"https:\/\/uipathfoundation.com\/ro\/wp-json\/wp\/v2\/media?parent=9805"}],"curies":[{"name":"wp","href":"https:\/\/api.w.org\/{rel}","templated":true}]}}